{"id":2669,"date":"2021-01-20T09:15:30","date_gmt":"2021-09-17T14:40:46","guid":{"rendered":"https:\/\/www.compryrecovery.com\/shop\/compry-recovery-pro\/"},"modified":"2023-05-18T11:49:34","modified_gmt":"2023-05-18T11:49:34","slug":"compry-recovery-pro","status":"publish","type":"product","link":"https:\/\/www.compryrecovery.com\/de\/shop\/compry-recovery-pro\/","title":{"rendered":"Compry Recovery PRO"},"content":{"rendered":"<h5>SCHNELLE MUSKELREGENERATION<\/h5>\n<ul>\n<li>\u00dcberlappende \u00c4rmel<\/li>\n<li>Sechs Luftkammern<\/li>\n<li>110 \u2013 240 Volt<\/li>\n<li>Vier Programme<\/li>\n<li>Lithium Batterien mit hoher Kapazit\u00e4t<\/li>\n<li>Abschaltung einzelner Kammern<\/li>\n<li>Absaugfunktion<\/li>\n<li>Speichern der Einstellung: bis zu vier individuelle Behandlungsprofile<\/li>\n<li>Vier Bel\u00fcftungsintervalle, 10 \u2013 20 \u2013 30 \u2013 45 minute<\/li>\n<li>Sechs Druckst\u00e4rken<\/li>\n<li>Gewicht 6 kg<\/li>\n<\/ul>\n<p><a href=\"#learnmore\">Hier erf\u00e4hrst<\/a> du mehr \u00fcber Compry Recovery PRO<\/p>\n<p><strong>Direkt versandfertig<\/strong><\/p>\n","protected":false},"excerpt":{"rendered":"<h3 id=\"learnmore\" style=\"text-align: center;\">Hier erf\u00e4hrst du mehr \u00fcber Compry Recovery PRO<\/h3>\n<p><img loading=\"lazy\" decoding=\"async\" class=\"alignleft wp-image-2151 size-full\" src=\"https:\/\/www.compryrecovery.com\/wp-content\/uploads\/2021\/01\/Illustratiebestand-CRPRO-uitlichting_website.png\" alt=\"\" width=\"500\" height=\"350\" srcset=\"https:\/\/www.compryrecovery.com\/wp-content\/uploads\/2021\/01\/Illustratiebestand-CRPRO-uitlichting_website.png 500w, https:\/\/www.compryrecovery.com\/wp-content\/uploads\/2021\/01\/Illustratiebestand-CRPRO-uitlichting_website-300x210.png 300w, https:\/\/www.compryrecovery.com\/wp-content\/uploads\/2021\/01\/Illustratiebestand-CRPRO-uitlichting_website-230x161.png 230w, https:\/\/www.compryrecovery.com\/wp-content\/uploads\/2021\/01\/Illustratiebestand-CRPRO-uitlichting_website-350x245.png 350w, https:\/\/www.compryrecovery.com\/wp-content\/uploads\/2021\/01\/Illustratiebestand-CRPRO-uitlichting_website-480x336.png 480w\" sizes=\"(max-width: 500px) 100vw, 500px\" \/>Compry Recovery PRO ist sehr reisetauglich. Mithilfe von drei Programmen und vier verschiedenen Kompressionsstufen kannst du die Behandlung perfekt an deine individuellen Bed\u00fcrfnisse anpassen und den Druck f\u00fcr jede Beinpartie optimal einstellen. Unser Compry Recovery ist also ein perfekter Reisebegleiter.<\/p>\n<p>Das Besondere am PRO Modell von Compry Recovery ist, dass im Preis ein Akku inbegriffen ist und du so nicht mehr auf Steckdosen angewiesen bist.<\/p>\n<p>Zusammen mit dem PRO Modell erh\u00e4ltst du ein schnurloses Batterieset und kannst Compry Recovery \u00fcberall hin mitnehmen. Dazu gibt es von uns noch eine praktische Tragetasche. Du kannst Compry Recovery wirklich \u00fcberall mitnehmen und verwenden! Kombinierbar mit dem Compry Recovery PRO <a href=\"https:\/\/www.compryrecovery.com\/shop\/compry-recovery-pro-arm-sleeves\/\">Kompressions\u00e4rmel<\/a><\/p>\n","protected":false},"featured_media":2588,"template":"","meta":{"_et_pb_use_builder":"","_et_pb_old_content":"","_et_gb_content_width":""},"product_cat":[33],"product_tag":[],"class_list":{"0":"post-2669","1":"product","2":"type-product","3":"status-publish","4":"has-post-thumbnail","6":"product_cat-compry-recovery-pro-de","8":"first","9":"instock","10":"taxable","11":"shipping-taxable","12":"purchasable","13":"product-type-simple"},"yoast_head":"<!-- This site is optimized with the Yoast SEO plugin v23.3 - https:\/\/yoast.com\/wordpress\/plugins\/seo\/ -->\n<title>Compry Recovery PRO - Compression for athletes<\/title>\n<meta name=\"description\" content=\"Compry Recovery PRO is perfect to take with you on the road. Six different compression chambers give the correct amount of compression on your legs.\" \/>\n<meta name=\"robots\" content=\"index, follow, max-snippet:-1, max-image-preview:large, max-video-preview:-1\" \/>\n<link rel=\"canonical\" href=\"https:\/\/www.compryrecovery.com\/de\/shop\/compry-recovery-pro\/\" \/>\n<meta property=\"og:locale\" content=\"de_DE\" \/>\n<meta property=\"og:type\" content=\"article\" \/>\n<meta property=\"og:title\" content=\"Compry Recovery PRO - Compression for athletes\" \/>\n<meta property=\"og:description\" content=\"Compry Recovery PRO is perfect to take with you on the road. Six different compression chambers give the correct amount of compression on your legs.\" \/>\n<meta property=\"og:url\" content=\"https:\/\/www.compryrecovery.com\/de\/shop\/compry-recovery-pro\/\" \/>\n<meta property=\"og:site_name\" content=\"Compry Recovery\" \/>\n<meta property=\"article:modified_time\" content=\"2023-05-18T11:49:34+00:00\" \/>\n<meta property=\"og:image\" content=\"https:\/\/www.compryrecovery.com\/wp-content\/uploads\/2021\/01\/Compry-Recovery-PRO-Set-compleet.png\" \/>\n\t<meta property=\"og:image:width\" content=\"842\" \/>\n\t<meta property=\"og:image:height\" content=\"842\" \/>\n\t<meta property=\"og:image:type\" content=\"image\/png\" \/>\n<meta name=\"twitter:card\" content=\"summary_large_image\" \/>\n<script type=\"application\/ld+json\" class=\"yoast-schema-graph\">{\"@context\":\"https:\/\/schema.org\",\"@graph\":[{\"@type\":\"WebPage\",\"@id\":\"https:\/\/www.compryrecovery.com\/de\/shop\/compry-recovery-pro\/\",\"url\":\"https:\/\/www.compryrecovery.com\/de\/shop\/compry-recovery-pro\/\",\"name\":\"Compry Recovery PRO - Compression for athletes\",\"isPartOf\":{\"@id\":\"https:\/\/www.compryrecovery.com\/de\/#website\"},\"primaryImageOfPage\":{\"@id\":\"https:\/\/www.compryrecovery.com\/de\/shop\/compry-recovery-pro\/#primaryimage\"},\"image\":{\"@id\":\"https:\/\/www.compryrecovery.com\/de\/shop\/compry-recovery-pro\/#primaryimage\"},\"thumbnailUrl\":\"https:\/\/www.compryrecovery.com\/wp-content\/uploads\/2021\/01\/Compry-Recovery-PRO-Set-compleet.png\",\"datePublished\":\"2021-09-17T14:40:46+00:00\",\"dateModified\":\"2023-05-18T11:49:34+00:00\",\"description\":\"Compry Recovery PRO is perfect to take with you on the road. Six different compression chambers give the correct amount of compression on your legs.\",\"breadcrumb\":{\"@id\":\"https:\/\/www.compryrecovery.com\/de\/shop\/compry-recovery-pro\/#breadcrumb\"},\"inLanguage\":\"de\",\"potentialAction\":[{\"@type\":\"ReadAction\",\"target\":[\"https:\/\/www.compryrecovery.com\/de\/shop\/compry-recovery-pro\/\"]}]},{\"@type\":\"ImageObject\",\"inLanguage\":\"de\",\"@id\":\"https:\/\/www.compryrecovery.com\/de\/shop\/compry-recovery-pro\/#primaryimage\",\"url\":\"https:\/\/www.compryrecovery.com\/wp-content\/uploads\/2021\/01\/Compry-Recovery-PRO-Set-compleet.png\",\"contentUrl\":\"https:\/\/www.compryrecovery.com\/wp-content\/uploads\/2021\/01\/Compry-Recovery-PRO-Set-compleet.png\",\"width\":842,\"height\":842},{\"@type\":\"BreadcrumbList\",\"@id\":\"https:\/\/www.compryrecovery.com\/de\/shop\/compry-recovery-pro\/#breadcrumb\",\"itemListElement\":[{\"@type\":\"ListItem\",\"position\":1,\"name\":\"Home\",\"item\":\"https:\/\/www.compryrecovery.com\/de\/\"},{\"@type\":\"ListItem\",\"position\":2,\"name\":\"Shop\",\"item\":\"https:\/\/www.compryrecovery.com\/shop\/\"},{\"@type\":\"ListItem\",\"position\":3,\"name\":\"Compry Recovery PRO\"}]},{\"@type\":\"WebSite\",\"@id\":\"https:\/\/www.compryrecovery.com\/de\/#website\",\"url\":\"https:\/\/www.compryrecovery.com\/de\/\",\"name\":\"Compry Recovery\",\"description\":\"Recover like a PRO\",\"publisher\":{\"@id\":\"https:\/\/www.compryrecovery.com\/de\/#organization\"},\"potentialAction\":[{\"@type\":\"SearchAction\",\"target\":{\"@type\":\"EntryPoint\",\"urlTemplate\":\"https:\/\/www.compryrecovery.com\/de\/?s={search_term_string}\"},\"query-input\":\"required name=search_term_string\"}],\"inLanguage\":\"de\"},{\"@type\":\"Organization\",\"@id\":\"https:\/\/www.compryrecovery.com\/de\/#organization\",\"name\":\"Compry Recovery\",\"url\":\"https:\/\/www.compryrecovery.com\/de\/\",\"logo\":{\"@type\":\"ImageObject\",\"inLanguage\":\"de\",\"@id\":\"https:\/\/www.compryrecovery.com\/de\/#\/schema\/logo\/image\/\",\"url\":\"https:\/\/www.compryrecovery.com\/wp-content\/uploads\/2021\/01\/cropped-Compry-Recovery-Logo_Middengrijs_v2.png\",\"contentUrl\":\"https:\/\/www.compryrecovery.com\/wp-content\/uploads\/2021\/01\/cropped-Compry-Recovery-Logo_Middengrijs_v2.png\",\"width\":246,\"height\":55,\"caption\":\"Compry Recovery\"},\"image\":{\"@id\":\"https:\/\/www.compryrecovery.com\/de\/#\/schema\/logo\/image\/\"}}]}<\/script>\n<!-- \/ Yoast SEO plugin. -->","yoast_head_json":{"title":"Compry Recovery PRO - Compression for athletes","description":"Compry Recovery PRO is perfect to take with you on the road. Six different compression chambers give the correct amount of compression on your legs.","robots":{"index":"index","follow":"follow","max-snippet":"max-snippet:-1","max-image-preview":"max-image-preview:large","max-video-preview":"max-video-preview:-1"},"canonical":"https:\/\/www.compryrecovery.com\/de\/shop\/compry-recovery-pro\/","og_locale":"de_DE","og_type":"article","og_title":"Compry Recovery PRO - Compression for athletes","og_description":"Compry Recovery PRO is perfect to take with you on the road. Six different compression chambers give the correct amount of compression on your legs.","og_url":"https:\/\/www.compryrecovery.com\/de\/shop\/compry-recovery-pro\/","og_site_name":"Compry Recovery","article_modified_time":"2023-05-18T11:49:34+00:00","og_image":[{"width":842,"height":842,"url":"https:\/\/www.compryrecovery.com\/wp-content\/uploads\/2021\/01\/Compry-Recovery-PRO-Set-compleet.png","type":"image\/png"}],"twitter_card":"summary_large_image","schema":{"@context":"https:\/\/schema.org","@graph":[{"@type":"WebPage","@id":"https:\/\/www.compryrecovery.com\/de\/shop\/compry-recovery-pro\/","url":"https:\/\/www.compryrecovery.com\/de\/shop\/compry-recovery-pro\/","name":"Compry Recovery PRO - Compression for athletes","isPartOf":{"@id":"https:\/\/www.compryrecovery.com\/de\/#website"},"primaryImageOfPage":{"@id":"https:\/\/www.compryrecovery.com\/de\/shop\/compry-recovery-pro\/#primaryimage"},"image":{"@id":"https:\/\/www.compryrecovery.com\/de\/shop\/compry-recovery-pro\/#primaryimage"},"thumbnailUrl":"https:\/\/www.compryrecovery.com\/wp-content\/uploads\/2021\/01\/Compry-Recovery-PRO-Set-compleet.png","datePublished":"2021-09-17T14:40:46+00:00","dateModified":"2023-05-18T11:49:34+00:00","description":"Compry Recovery PRO is perfect to take with you on the road. Six different compression chambers give the correct amount of compression on your legs.","breadcrumb":{"@id":"https:\/\/www.compryrecovery.com\/de\/shop\/compry-recovery-pro\/#breadcrumb"},"inLanguage":"de","potentialAction":[{"@type":"ReadAction","target":["https:\/\/www.compryrecovery.com\/de\/shop\/compry-recovery-pro\/"]}]},{"@type":"ImageObject","inLanguage":"de","@id":"https:\/\/www.compryrecovery.com\/de\/shop\/compry-recovery-pro\/#primaryimage","url":"https:\/\/www.compryrecovery.com\/wp-content\/uploads\/2021\/01\/Compry-Recovery-PRO-Set-compleet.png","contentUrl":"https:\/\/www.compryrecovery.com\/wp-content\/uploads\/2021\/01\/Compry-Recovery-PRO-Set-compleet.png","width":842,"height":842},{"@type":"BreadcrumbList","@id":"https:\/\/www.compryrecovery.com\/de\/shop\/compry-recovery-pro\/#breadcrumb","itemListElement":[{"@type":"ListItem","position":1,"name":"Home","item":"https:\/\/www.compryrecovery.com\/de\/"},{"@type":"ListItem","position":2,"name":"Shop","item":"https:\/\/www.compryrecovery.com\/shop\/"},{"@type":"ListItem","position":3,"name":"Compry Recovery PRO"}]},{"@type":"WebSite","@id":"https:\/\/www.compryrecovery.com\/de\/#website","url":"https:\/\/www.compryrecovery.com\/de\/","name":"Compry Recovery","description":"Recover like a PRO","publisher":{"@id":"https:\/\/www.compryrecovery.com\/de\/#organization"},"potentialAction":[{"@type":"SearchAction","target":{"@type":"EntryPoint","urlTemplate":"https:\/\/www.compryrecovery.com\/de\/?s={search_term_string}"},"query-input":"required name=search_term_string"}],"inLanguage":"de"},{"@type":"Organization","@id":"https:\/\/www.compryrecovery.com\/de\/#organization","name":"Compry Recovery","url":"https:\/\/www.compryrecovery.com\/de\/","logo":{"@type":"ImageObject","inLanguage":"de","@id":"https:\/\/www.compryrecovery.com\/de\/#\/schema\/logo\/image\/","url":"https:\/\/www.compryrecovery.com\/wp-content\/uploads\/2021\/01\/cropped-Compry-Recovery-Logo_Middengrijs_v2.png","contentUrl":"https:\/\/www.compryrecovery.com\/wp-content\/uploads\/2021\/01\/cropped-Compry-Recovery-Logo_Middengrijs_v2.png","width":246,"height":55,"caption":"Compry Recovery"},"image":{"@id":"https:\/\/www.compryrecovery.com\/de\/#\/schema\/logo\/image\/"}}]}},"_links":{"self":[{"href":"https:\/\/www.compryrecovery.com\/de\/wp-json\/wp\/v2\/product\/2669"}],"collection":[{"href":"https:\/\/www.compryrecovery.com\/de\/wp-json\/wp\/v2\/product"}],"about":[{"href":"https:\/\/www.compryrecovery.com\/de\/wp-json\/wp\/v2\/types\/product"}],"wp:featuredmedia":[{"embeddable":true,"href":"https:\/\/www.compryrecovery.com\/de\/wp-json\/wp\/v2\/media\/2588"}],"wp:attachment":[{"href":"https:\/\/www.compryrecovery.com\/de\/wp-json\/wp\/v2\/media?parent=2669"}],"wp:term":[{"taxonomy":"product_cat","embeddable":true,"href":"https:\/\/www.compryrecovery.com\/de\/wp-json\/wp\/v2\/product_cat?post=2669"},{"taxonomy":"product_tag","embeddable":true,"href":"https:\/\/www.compryrecovery.com\/de\/wp-json\/wp\/v2\/product_tag?post=2669"}],"curies":[{"name":"wp","href":"https:\/\/api.w.org\/{rel}","templated":true}]}}