{"id":3374,"date":"2022-06-29T12:34:05","date_gmt":"2022-06-29T12:34:05","guid":{"rendered":"https:\/\/www.compryrecovery.com\/rueckerstattung-2\/"},"modified":"2022-06-29T12:38:14","modified_gmt":"2022-06-29T12:38:14","slug":"rueckerstattung","status":"publish","type":"page","link":"https:\/\/www.compryrecovery.com\/de\/rueckerstattung\/","title":{"rendered":"R\u00fcckerstattung"},"content":{"rendered":"[et_pb_section fb_built=&#8221;1&#8243; fullwidth=&#8221;on&#8221; _builder_version=&#8221;4.17.4&#8243; _module_preset=&#8221;default&#8221; global_colors_info=&#8221;{}&#8221; theme_builder_area=&#8221;post_content&#8221;][et_pb_fullwidth_header title=&#8221;@ET-DC@eyJkeW5hbWljIjp0cnVlLCJjb250ZW50IjoicG9zdF90aXRsZSIsInNldHRpbmdzIjp7ImJlZm9yZSI6IiIsImFmdGVyIjoiIn19@&#8221; _builder_version=&#8221;4.17.4&#8243; _dynamic_attributes=&#8221;title&#8221; _module_preset=&#8221;default&#8221; title_text_align=&#8221;center&#8221; title_font_size=&#8221;40px&#8221; use_background_color_gradient=&#8221;on&#8221; background_color_gradient_stops=&#8221;#ffffff 0%|rgba(255,255,255,0) 100%&#8221; background_color_gradient_overlays_image=&#8221;on&#8221; background_image=&#8221;https:\/\/www.compryrecovery.com\/wp-content\/uploads\/2020\/12\/Compry-Recovery-Header-Media-Jorien-ter-Mors-1.jpg&#8221; background_layout=&#8221;light&#8221; global_colors_info=&#8221;{}&#8221; theme_builder_area=&#8221;post_content&#8221;][\/et_pb_fullwidth_header][\/et_pb_section][et_pb_section fb_built=&#8221;1&#8243; _builder_version=&#8221;4.17.4&#8243; _module_preset=&#8221;default&#8221; global_colors_info=&#8221;{}&#8221; theme_builder_area=&#8221;post_content&#8221;][et_pb_row _builder_version=&#8221;4.17.4&#8243; _module_preset=&#8221;default&#8221; global_colors_info=&#8221;{}&#8221; theme_builder_area=&#8221;post_content&#8221;][et_pb_column type=&#8221;4_4&#8243; _builder_version=&#8221;4.17.4&#8243; _module_preset=&#8221;default&#8221; global_colors_info=&#8221;{}&#8221; theme_builder_area=&#8221;post_content&#8221;][et_pb_text _builder_version=&#8221;4.17.4&#8243; _module_preset=&#8221;default&#8221; hover_enabled=&#8221;0&#8243; global_colors_info=&#8221;{}&#8221; theme_builder_area=&#8221;post_content&#8221; sticky_enabled=&#8221;0&#8243;]<h3 style=\"box-sizing: border-box; margin: 0px; padding: 0px 0px 10px; border: 0px; outline: 0px; font-size: 22px; text-size-adjust: 100%; vertical-align: baseline; background: transparent; color: #333333; line-height: 1em; font-weight: 500;\">Widerruf<\/h3>\n<div class=\"et_pb_module et_pb_text et_pb_text_0 et_pb_text_align_left et_pb_bg_layout_light\" style=\"margin: 0px 0px 27.7812px; padding: 0px; border: 0px; outline: 0px; font-size: 14px; text-size-adjust: 100%; vertical-align: baseline; background-image: initial; background-position: center center; background-size: cover; background-repeat: no-repeat; background-attachment: initial; background-origin: initial; background-clip: initial; overflow-wrap: break-word; animation-timing-function: linear; animation-duration: 200ms; color: #666666;\">\n<div class=\"et_pb_text_inner\" style=\"margin: 0px; padding: 0px; border: 0px; outline: 0px; text-size-adjust: 100%; vertical-align: baseline; background: transparent; position: relative;\"><span style=\"background-color: transparent;\">Wenn du mit einem unserer Produkte nicht zufrieden bist, kannst du es originalverpackt innerhalb von 14 Tagen nach Erhalt zur\u00fccksenden, ohne einen Grund anzugeben. Aber gib uns bitte vorher Bescheid, dass du unser Produkt an uns zur\u00fccksendest: <\/span><a style=\"margin: 0px; padding: 0px; border: 0px; outline: 0px; text-size-adjust: 100%; vertical-align: baseline; background-image: initial; background-position: initial; background-size: initial; background-repeat: initial; background-attachment: initial; background-origin: initial; background-clip: initial; color: #2ea3f2;\" href=\"mailto:info@herzogmedical.com\">info@herzogmedical.com<\/a><span style=\"background-color: transparent;\">.<\/span><\/div>\n<\/div>\n<div class=\"et_pb_module et_pb_text et_pb_text_1 et_pb_text_align_left et_pb_bg_layout_light\" style=\"margin: 0px; padding: 0px; border: 0px; outline: 0px; font-size: 14px; text-size-adjust: 100%; vertical-align: baseline; background-image: initial; background-position: center center; background-size: cover; background-repeat: no-repeat; background-attachment: initial; background-origin: initial; background-clip: initial; overflow-wrap: break-word; animation-timing-function: linear; animation-duration: 200ms; color: #666666;\">\n<div class=\"et_pb_text_inner\" style=\"margin: 0px; padding: 0px; border: 0px; outline: 0px; text-size-adjust: 100%; vertical-align: baseline; background: transparent; position: relative;\">\n<p style=\"margin-bottom: 0px; padding: 0px 0px 1em; border: 0px; outline: 0px; text-size-adjust: 100%; vertical-align: baseline; background: transparent;\">Die R\u00fccksendung zahlst du. Wir sind nach niederl\u00e4ndischem Recht aus hygienischen Gr\u00fcnden nicht dazu verpflichtet, gebrauchte Ware zur\u00fcckzunemen , weil wir sie nicht mehr verkaufen k\u00f6nnen. Wir verstehen jedoch, dass Sie das System lieber sehen und ausprobieren m\u00f6chten, bevor Sie mit dem Kauf fortfahren, daher bieten wir auch die M\u00f6glichkeit, das Produkt zuerst zu mieten.<\/p>\n\n<\/div>\n<\/div>\n<h3 style=\"margin-top: 0px; margin-bottom: 0px; padding: 0px 0px 10px; border: 0px; outline: 0px; font-size: 22px; text-size-adjust: 100%; vertical-align: baseline; background: transparent; color: #333333; line-height: 1em; font-weight: 500;\"><span style=\"background-color: transparent;\">Umtausch<\/span><\/h3>\n<div class=\"et_pb_module et_pb_text et_pb_text_1 et_pb_text_align_left et_pb_bg_layout_light\" style=\"margin: 0px; padding: 0px; border: 0px; outline: 0px; font-size: 14px; text-size-adjust: 100%; vertical-align: baseline; background-image: initial; background-position: center center; background-size: cover; background-repeat: no-repeat; background-attachment: initial; background-origin: initial; background-clip: initial; overflow-wrap: break-word; animation-timing-function: linear; animation-duration: 200ms; color: #666666;\">\n<div class=\"et_pb_text_inner\" style=\"margin: 0px; padding: 0px; border: 0px; outline: 0px; text-size-adjust: 100%; vertical-align: baseline; background: transparent; position: relative;\">\n<p style=\"margin-bottom: 0px; padding: 0px 0px 1em; border: 0px; outline: 0px; text-size-adjust: 100%; vertical-align: baseline; background: transparent;\">Wenn du doch eine andere Gr\u00f6\u00dfe brauchst oder das falsche Produkt bestellt hast, kannst du deine Bestellung zur\u00fcckschicken und in unserem Webshop eine neue Bestellung machen. Dein Geld erstatten wir dir zur\u00fcck, nachdem wir die umgetauschte Ware \u00fcberpr\u00fcft haben.<\/p>\n\n<\/div>\n<\/div>\n<h3 style=\"margin-top: 0px; margin-bottom: 0px; padding: 0px 0px 10px; border: 0px; outline: 0px; font-size: 22px; text-size-adjust: 100%; vertical-align: baseline; background: transparent; color: #333333; line-height: 1em; font-weight: 500;\">POSTANSCHRIFT F\u00dcR R\u00dcCKSENDUNGEN<\/h3>\n<div class=\"et_pb_module et_pb_text et_pb_text_1 et_pb_text_align_left et_pb_bg_layout_light\" style=\"margin: 0px; padding: 0px; border: 0px; outline: 0px; font-size: 14px; text-size-adjust: 100%; vertical-align: baseline; background-image: initial; background-position: center center; background-size: cover; background-repeat: no-repeat; background-attachment: initial; background-origin: initial; background-clip: initial; overflow-wrap: break-word; animation-timing-function: linear; animation-duration: 200ms; color: #666666;\">\n<div class=\"et_pb_text_inner\" style=\"margin: 0px; padding: 0px; border: 0px; outline: 0px; text-size-adjust: 100%; vertical-align: baseline; background: transparent; position: relative;\">\n<p style=\"margin-bottom: 0px; padding: 0px 0px 1em; border: 0px; outline: 0px; text-size-adjust: 100%; vertical-align: baseline; background: transparent;\">Herzog Medical B.V.\nAttn. Returns department Compry Recovery\nTolboomweg 14\n3784 XC Terschuur\nDie Niederlande<\/p>\n\n<\/div>\n<\/div>\n<h3 style=\"margin-top: 0px; margin-bottom: 0px; padding: 0px 0px 10px; border: 0px; outline: 0px; font-size: 22px; text-size-adjust: 100%; vertical-align: baseline; background: transparent; color: #333333; line-height: 1em; font-weight: 500;\">Wie lange dauert die R\u00fcckerstattung?<\/h3>\n<div class=\"et_pb_module et_pb_text et_pb_text_1 et_pb_text_align_left et_pb_bg_layout_light\" style=\"margin: 0px; padding: 0px; border: 0px; outline: 0px; font-size: 14px; text-size-adjust: 100%; vertical-align: baseline; background-image: initial; background-position: center center; background-size: cover; background-repeat: no-repeat; background-attachment: initial; background-origin: initial; background-clip: initial; overflow-wrap: break-word; animation-timing-function: linear; animation-duration: 200ms; color: #666666;\">\n<div class=\"et_pb_text_inner\" style=\"margin: 0px; padding: 0px; border: 0px; outline: 0px; text-size-adjust: 100%; vertical-align: baseline; background: transparent; position: relative;\">\n<p style=\"margin-bottom: 0px; padding: 0px 0px 1em; border: 0px; outline: 0px; text-size-adjust: 100%; vertical-align: baseline; background: transparent;\">Sobald wir deine R\u00fccksendung empfangen haben, erh\u00e4st du die R\u00fcckerstattung innerhalb von 14 Werktagen. Du erh\u00e4ltst eine Nachricht, die die R\u00fcckerstattung best\u00e4tigt.<\/p>\n\n<\/div>\n<\/div>\n<h3 style=\"margin-top: 0px; margin-bottom: 0px; padding: 0px 0px 10px; border: 0px; outline: 0px; font-size: 22px; text-size-adjust: 100%; vertical-align: baseline; background: transparent; color: #333333; line-height: 1em; font-weight: 500;\">An wen kann ich mich wenden, falls ich Fragen zu R\u00fcckerstattungen habe?<\/h3>\n<div class=\"et_pb_module et_pb_text et_pb_text_1 et_pb_text_align_left et_pb_bg_layout_light\" style=\"margin: 0px; padding: 0px; border: 0px; outline: 0px; font-size: 14px; text-size-adjust: 100%; vertical-align: baseline; background-image: initial; background-position: center center; background-size: cover; background-repeat: no-repeat; background-attachment: initial; background-origin: initial; background-clip: initial; overflow-wrap: break-word; animation-timing-function: linear; animation-duration: 200ms; color: #666666;\">\n<div class=\"et_pb_text_inner\" style=\"margin: 0px; padding: 0px; border: 0px; outline: 0px; text-size-adjust: 100%; vertical-align: baseline; background: transparent; position: relative;\">\n<p style=\"margin-bottom: 0px; padding: 0px; border: 0px; outline: 0px; text-size-adjust: 100%; vertical-align: baseline; background: transparent;\">Du kannst uns unter der Woche an Werktagen zwischen 9:00 und 17:00 unter +31 342 745 041 erreichen oder schick uns eine Email an <a style=\"margin: 0px; padding: 0px; border: 0px; outline: 0px; text-size-adjust: 100%; vertical-align: baseline; background-image: initial; background-position: initial; background-size: initial; background-repeat: initial; background-attachment: initial; background-origin: initial; background-clip: initial; color: #2ea3f2;\" href=\"mailto:info@herzogmedical.com\">info@herzogmedical.com<\/a><\/p>\n\n<\/div>\n<\/div>[\/et_pb_text][\/et_pb_column][\/et_pb_row][\/et_pb_section][et_pb_section fb_built=&#8221;1&#8243; fullwidth=&#8221;on&#8221; _builder_version=&#8221;4.17.4&#8243; _module_preset=&#8221;default&#8221; global_colors_info=&#8221;{}&#8221; theme_builder_area=&#8221;post_content&#8221;][et_pb_fullwidth_header title=&#8221;M\u00f6chten Sie mehr wissen? Oder haben Sie Fragen zu Compry Recovery?&#8221; header_image_url=&#8221;https:\/\/www.compryrecovery.com\/wp-content\/uploads\/2021\/01\/Illustratiebestand-CRPRO-uitlichting_website.png&#8221; _builder_version=&#8221;4.17.4&#8243; _module_preset=&#8221;default&#8221; content_link_text_color=&#8221;#FFFFFF&#8221; background_color=&#8221;#EB5B25&#8243; global_colors_info=&#8221;{}&#8221; theme_builder_area=&#8221;post_content&#8221;]Bitte kontaktieren Sie uns per <a href=\"mailto:info@herzogmedical.com\">E-Mail<\/a> oder <a href=\"tel:+31342745041\">Telefon<\/a>[\/et_pb_fullwidth_header][\/et_pb_section]","protected":false},"excerpt":{"rendered":"<p>Widerruf Wenn du mit einem unserer Produkte nicht zufrieden bist, kannst du es originalverpackt innerhalb von 14 Tagen nach Erhalt zur\u00fccksenden, ohne einen Grund anzugeben. Aber gib uns bitte vorher Bescheid, dass du unser Produkt an uns zur\u00fccksendest: info@herzogmedical.com. Die R\u00fccksendung zahlst du. Wir sind nach niederl\u00e4ndischem Recht aus hygienischen Gr\u00fcnden nicht dazu verpflichtet, gebrauchte [&hellip;]<\/p>\n","protected":false},"author":4,"featured_media":0,"parent":0,"menu_order":0,"comment_status":"closed","ping_status":"closed","template":"","meta":{"_et_pb_use_builder":"on","_et_pb_old_content":"","_et_gb_content_width":"","footnotes":""},"class_list":["post-3374","page","type-page","status-publish","hentry"],"yoast_head":"<!-- This site is optimized with the Yoast SEO plugin v23.3 - https:\/\/yoast.com\/wordpress\/plugins\/seo\/ -->\n<title>R\u00fcckerstattung - Compry Recovery<\/title>\n<meta name=\"description\" content=\"Ihr pers\u00f6nlicher Masseur! Erholen Sie sich mit dem Compry Recovery nach jedem Training schneller und besser. Direkt verf\u00fcgbar. Bestellen Sie jetzt Ihre!\" \/>\n<meta name=\"robots\" content=\"index, follow, max-snippet:-1, max-image-preview:large, max-video-preview:-1\" \/>\n<link rel=\"canonical\" href=\"https:\/\/www.compryrecovery.com\/de\/rueckerstattung\/\" \/>\n<meta property=\"og:locale\" content=\"de_DE\" \/>\n<meta property=\"og:type\" content=\"article\" \/>\n<meta property=\"og:title\" content=\"R\u00fcckerstattung - Compry Recovery\" \/>\n<meta property=\"og:description\" content=\"Ihr pers\u00f6nlicher Masseur! Erholen Sie sich mit dem Compry Recovery nach jedem Training schneller und besser. Direkt verf\u00fcgbar. Bestellen Sie jetzt Ihre!\" \/>\n<meta property=\"og:url\" content=\"https:\/\/www.compryrecovery.com\/de\/rueckerstattung\/\" \/>\n<meta property=\"og:site_name\" content=\"Compry Recovery\" \/>\n<meta property=\"article:modified_time\" content=\"2022-06-29T12:38:14+00:00\" \/>\n<meta name=\"twitter:card\" content=\"summary_large_image\" \/>\n<meta name=\"twitter:label1\" content=\"Gesch\u00e4tzte Lesezeit\" \/>\n\t<meta name=\"twitter:data1\" content=\"2\u00a0Minuten\" \/>\n<script type=\"application\/ld+json\" class=\"yoast-schema-graph\">{\"@context\":\"https:\/\/schema.org\",\"@graph\":[{\"@type\":\"WebPage\",\"@id\":\"https:\/\/www.compryrecovery.com\/de\/rueckerstattung\/\",\"url\":\"https:\/\/www.compryrecovery.com\/de\/rueckerstattung\/\",\"name\":\"R\u00fcckerstattung - Compry Recovery\",\"isPartOf\":{\"@id\":\"https:\/\/www.compryrecovery.com\/de\/#website\"},\"datePublished\":\"2022-06-29T12:34:05+00:00\",\"dateModified\":\"2022-06-29T12:38:14+00:00\",\"description\":\"Ihr pers\u00f6nlicher Masseur! Erholen Sie sich mit dem Compry Recovery nach jedem Training schneller und besser. Direkt verf\u00fcgbar. Bestellen Sie jetzt Ihre!\",\"breadcrumb\":{\"@id\":\"https:\/\/www.compryrecovery.com\/de\/rueckerstattung\/#breadcrumb\"},\"inLanguage\":\"de\",\"potentialAction\":[{\"@type\":\"ReadAction\",\"target\":[\"https:\/\/www.compryrecovery.com\/de\/rueckerstattung\/\"]}]},{\"@type\":\"BreadcrumbList\",\"@id\":\"https:\/\/www.compryrecovery.com\/de\/rueckerstattung\/#breadcrumb\",\"itemListElement\":[{\"@type\":\"ListItem\",\"position\":1,\"name\":\"Home\",\"item\":\"https:\/\/www.compryrecovery.com\/de\/\"},{\"@type\":\"ListItem\",\"position\":2,\"name\":\"R\u00fcckerstattung\"}]},{\"@type\":\"WebSite\",\"@id\":\"https:\/\/www.compryrecovery.com\/de\/#website\",\"url\":\"https:\/\/www.compryrecovery.com\/de\/\",\"name\":\"Compry Recovery\",\"description\":\"Recover like a PRO\",\"publisher\":{\"@id\":\"https:\/\/www.compryrecovery.com\/de\/#organization\"},\"potentialAction\":[{\"@type\":\"SearchAction\",\"target\":{\"@type\":\"EntryPoint\",\"urlTemplate\":\"https:\/\/www.compryrecovery.com\/de\/?s={search_term_string}\"},\"query-input\":\"required name=search_term_string\"}],\"inLanguage\":\"de\"},{\"@type\":\"Organization\",\"@id\":\"https:\/\/www.compryrecovery.com\/de\/#organization\",\"name\":\"Compry Recovery\",\"url\":\"https:\/\/www.compryrecovery.com\/de\/\",\"logo\":{\"@type\":\"ImageObject\",\"inLanguage\":\"de\",\"@id\":\"https:\/\/www.compryrecovery.com\/de\/#\/schema\/logo\/image\/\",\"url\":\"https:\/\/www.compryrecovery.com\/wp-content\/uploads\/2021\/01\/cropped-Compry-Recovery-Logo_Middengrijs_v2.png\",\"contentUrl\":\"https:\/\/www.compryrecovery.com\/wp-content\/uploads\/2021\/01\/cropped-Compry-Recovery-Logo_Middengrijs_v2.png\",\"width\":246,\"height\":55,\"caption\":\"Compry Recovery\"},\"image\":{\"@id\":\"https:\/\/www.compryrecovery.com\/de\/#\/schema\/logo\/image\/\"}}]}<\/script>\n<!-- \/ Yoast SEO plugin. -->","yoast_head_json":{"title":"R\u00fcckerstattung - Compry Recovery","description":"Ihr pers\u00f6nlicher Masseur! Erholen Sie sich mit dem Compry Recovery nach jedem Training schneller und besser. Direkt verf\u00fcgbar. Bestellen Sie jetzt Ihre!","robots":{"index":"index","follow":"follow","max-snippet":"max-snippet:-1","max-image-preview":"max-image-preview:large","max-video-preview":"max-video-preview:-1"},"canonical":"https:\/\/www.compryrecovery.com\/de\/rueckerstattung\/","og_locale":"de_DE","og_type":"article","og_title":"R\u00fcckerstattung - Compry Recovery","og_description":"Ihr pers\u00f6nlicher Masseur! Erholen Sie sich mit dem Compry Recovery nach jedem Training schneller und besser. Direkt verf\u00fcgbar. Bestellen Sie jetzt Ihre!","og_url":"https:\/\/www.compryrecovery.com\/de\/rueckerstattung\/","og_site_name":"Compry Recovery","article_modified_time":"2022-06-29T12:38:14+00:00","twitter_card":"summary_large_image","twitter_misc":{"Gesch\u00e4tzte Lesezeit":"2\u00a0Minuten"},"schema":{"@context":"https:\/\/schema.org","@graph":[{"@type":"WebPage","@id":"https:\/\/www.compryrecovery.com\/de\/rueckerstattung\/","url":"https:\/\/www.compryrecovery.com\/de\/rueckerstattung\/","name":"R\u00fcckerstattung - Compry Recovery","isPartOf":{"@id":"https:\/\/www.compryrecovery.com\/de\/#website"},"datePublished":"2022-06-29T12:34:05+00:00","dateModified":"2022-06-29T12:38:14+00:00","description":"Ihr pers\u00f6nlicher Masseur! Erholen Sie sich mit dem Compry Recovery nach jedem Training schneller und besser. Direkt verf\u00fcgbar. Bestellen Sie jetzt Ihre!","breadcrumb":{"@id":"https:\/\/www.compryrecovery.com\/de\/rueckerstattung\/#breadcrumb"},"inLanguage":"de","potentialAction":[{"@type":"ReadAction","target":["https:\/\/www.compryrecovery.com\/de\/rueckerstattung\/"]}]},{"@type":"BreadcrumbList","@id":"https:\/\/www.compryrecovery.com\/de\/rueckerstattung\/#breadcrumb","itemListElement":[{"@type":"ListItem","position":1,"name":"Home","item":"https:\/\/www.compryrecovery.com\/de\/"},{"@type":"ListItem","position":2,"name":"R\u00fcckerstattung"}]},{"@type":"WebSite","@id":"https:\/\/www.compryrecovery.com\/de\/#website","url":"https:\/\/www.compryrecovery.com\/de\/","name":"Compry Recovery","description":"Recover like a PRO","publisher":{"@id":"https:\/\/www.compryrecovery.com\/de\/#organization"},"potentialAction":[{"@type":"SearchAction","target":{"@type":"EntryPoint","urlTemplate":"https:\/\/www.compryrecovery.com\/de\/?s={search_term_string}"},"query-input":"required name=search_term_string"}],"inLanguage":"de"},{"@type":"Organization","@id":"https:\/\/www.compryrecovery.com\/de\/#organization","name":"Compry Recovery","url":"https:\/\/www.compryrecovery.com\/de\/","logo":{"@type":"ImageObject","inLanguage":"de","@id":"https:\/\/www.compryrecovery.com\/de\/#\/schema\/logo\/image\/","url":"https:\/\/www.compryrecovery.com\/wp-content\/uploads\/2021\/01\/cropped-Compry-Recovery-Logo_Middengrijs_v2.png","contentUrl":"https:\/\/www.compryrecovery.com\/wp-content\/uploads\/2021\/01\/cropped-Compry-Recovery-Logo_Middengrijs_v2.png","width":246,"height":55,"caption":"Compry Recovery"},"image":{"@id":"https:\/\/www.compryrecovery.com\/de\/#\/schema\/logo\/image\/"}}]}},"_links":{"self":[{"href":"https:\/\/www.compryrecovery.com\/de\/wp-json\/wp\/v2\/pages\/3374"}],"collection":[{"href":"https:\/\/www.compryrecovery.com\/de\/wp-json\/wp\/v2\/pages"}],"about":[{"href":"https:\/\/www.compryrecovery.com\/de\/wp-json\/wp\/v2\/types\/page"}],"author":[{"embeddable":true,"href":"https:\/\/www.compryrecovery.com\/de\/wp-json\/wp\/v2\/users\/4"}],"replies":[{"embeddable":true,"href":"https:\/\/www.compryrecovery.com\/de\/wp-json\/wp\/v2\/comments?post=3374"}],"version-history":[{"count":1,"href":"https:\/\/www.compryrecovery.com\/de\/wp-json\/wp\/v2\/pages\/3374\/revisions"}],"predecessor-version":[{"id":3375,"href":"https:\/\/www.compryrecovery.com\/de\/wp-json\/wp\/v2\/pages\/3374\/revisions\/3375"}],"wp:attachment":[{"href":"https:\/\/www.compryrecovery.com\/de\/wp-json\/wp\/v2\/media?parent=3374"}],"curies":[{"name":"wp","href":"https:\/\/api.w.org\/{rel}","templated":true}]}}