{"id":3346,"date":"2022-06-29T11:45:05","date_gmt":"2022-06-29T11:45:05","guid":{"rendered":"https:\/\/www.compryrecovery.com\/faq-2\/"},"modified":"2022-06-29T12:37:37","modified_gmt":"2022-06-29T12:37:37","slug":"faq","status":"publish","type":"page","link":"https:\/\/www.compryrecovery.com\/de\/faq\/","title":{"rendered":"FAQ"},"content":{"rendered":"[et_pb_section fb_built=&#8221;1&#8243; fullwidth=&#8221;on&#8221; _builder_version=&#8221;4.17.4&#8243; _module_preset=&#8221;default&#8221; global_colors_info=&#8221;{}&#8221; theme_builder_area=&#8221;post_content&#8221;][et_pb_fullwidth_header title=&#8221;@ET-DC@eyJkeW5hbWljIjp0cnVlLCJjb250ZW50IjoicG9zdF90aXRsZSIsInNldHRpbmdzIjp7ImJlZm9yZSI6IiIsImFmdGVyIjoiIn19@&#8221; _builder_version=&#8221;4.17.4&#8243; _dynamic_attributes=&#8221;title&#8221; _module_preset=&#8221;default&#8221; title_text_align=&#8221;center&#8221; title_font_size=&#8221;40px&#8221; use_background_color_gradient=&#8221;on&#8221; background_color_gradient_stops=&#8221;#ffffff 0%|rgba(255,255,255,0) 100%&#8221; background_color_gradient_overlays_image=&#8221;on&#8221; background_image=&#8221;https:\/\/www.compryrecovery.com\/wp-content\/uploads\/2020\/12\/Compry-Recovery-Header-Media-Jorien-ter-Mors-1.jpg&#8221; background_layout=&#8221;light&#8221; global_colors_info=&#8221;{}&#8221; theme_builder_area=&#8221;post_content&#8221;][\/et_pb_fullwidth_header][\/et_pb_section][et_pb_section fb_built=&#8221;1&#8243; _builder_version=&#8221;4.17.4&#8243; _module_preset=&#8221;default&#8221; global_colors_info=&#8221;{}&#8221; theme_builder_area=&#8221;post_content&#8221;][et_pb_row _builder_version=&#8221;4.17.4&#8243; _module_preset=&#8221;default&#8221; hover_enabled=&#8221;0&#8243; global_colors_info=&#8221;{}&#8221; column_structure=&#8221;1_2,1_2&#8243; theme_builder_area=&#8221;post_content&#8221; make_equal=&#8221;on&#8221; sticky_enabled=&#8221;0&#8243;][et_pb_column type=&#8221;1_2&#8243; _builder_version=&#8221;4.17.4&#8243; _module_preset=&#8221;default&#8221; global_colors_info=&#8221;{}&#8221; theme_builder_area=&#8221;post_content&#8221;][et_pb_accordion _builder_version=&#8221;4.17.4&#8243; _module_preset=&#8221;default&#8221; theme_builder_area=&#8221;post_content&#8221; hover_enabled=&#8221;0&#8243; sticky_enabled=&#8221;0&#8243;][et_pb_accordion_item title=&#8221;Welche Kompressionsst\u00e4rke erreicht Compry Recovery?&#8221; _builder_version=&#8221;4.17.4&#8243; _module_preset=&#8221;default&#8221; theme_builder_area=&#8221;post_content&#8221; open=&#8221;on&#8221; hover_enabled=&#8221;0&#8243; sticky_enabled=&#8221;0&#8243;]<p>Compry Recovery hat vier Kompressionsst\u00e4rken und das PRO Modell sechs. Die Kompressionsst\u00e4rke geht von 60 bis 220 Hg. Auf diese Weise gibt es f\u00fcr jeden eine Komprimierungsstufe.<\/p>[\/et_pb_accordion_item][et_pb_accordion_item title=&#8221;Sind die Ger\u00e4te drahtlos?&#8221; _builder_version=&#8221;4.17.4&#8243; _module_preset=&#8221;default&#8221; theme_builder_area=&#8221;post_content&#8221; open=&#8221;off&#8221; hover_enabled=&#8221;0&#8243; sticky_enabled=&#8221;0&#8243;]<p>Compry Recovery PRO wird mit einem drahtlosen Akkuset geliefert. Du brauchst f\u00fcr das PRO Modell keine Steckdose und kannst deine Behandlung unterwegs durchf\u00fchren, neben dem Sportplatz oder woauchimmer du dich willst.<\/p>\n<p>Aber f\u00fcr das Standard Modell brauchst du immer eine Steckdose.<\/p>[\/et_pb_accordion_item][et_pb_accordion_item title=&#8221;Was ist der Unterscheid zwischen Compry Recovery und Compry Recovery PRO?&#8221; _builder_version=&#8221;4.17.4&#8243; _module_preset=&#8221;default&#8221; theme_builder_area=&#8221;post_content&#8221; hover_enabled=&#8221;0&#8243; sticky_enabled=&#8221;0&#8243; open=&#8221;off&#8221;]Die gr\u00f6\u00dften Unterschiede:\n<ul>\n \t<li>Compry Recovery PRO besteht aus sechs Kompressionskammern w\u00e4hrend das Standard Modell aus vier Kammern besteht.<\/li>\n \t<li>Das PRO Modell hat vier Behandlungsprogramme und du kannst die Luftkammern einzeln mit Luft f\u00fcllen; beim Standard Modell hast du drei Programme und kannst nicht genau festlegen, welche Luftkammern gef\u00fcllt werden sollen.<\/li>\n \t<li>Compry Recovery PRO funktioniert schnurlos mit einem Akku;<\/li>\n \t<li>Bei Compry Recovery PRO Kannst du zwischen drei Massagen w\u00e4hlen (10, 20, 30 oder 45 Minuten); Beim Standard Modell gibt es nur eine Behandlungsdauer.<\/li>\n<\/ul>[\/et_pb_accordion_item][et_pb_accordion_item title=&#8221;Kann ich Compry Recovery ausprobieren?&#8221; _builder_version=&#8221;4.17.4&#8243; _module_preset=&#8221;default&#8221; theme_builder_area=&#8221;post_content&#8221; hover_enabled=&#8221;0&#8243; sticky_enabled=&#8221;0&#8243; open=&#8221;off&#8221;]Du kannst Compry Recovery f\u00fcr 60 Euro die Woche mieten und das PRO Modell f\u00fcr 75 Euro pro Woche. Falls du unser Kompressionsger\u00e4t behalten willst, kriegst du die Mietgeb\u00fchr zur\u00fcck und erh\u00e4ltst Compry Recovery zum ganz normalen Verkaufspreis. Wenn du hierzu mehr wissen willst, dann schicke uns eine Email an: <a href=\"mailto:info@herzogmedical.com\">info@herzogmedical.com<\/a>[\/et_pb_accordion_item][et_pb_accordion_item title=&#8221;Ich habe schon das Compry Recovery Standard Modell, kann ich mir dazu die PRO Beinmanschetten kaufen?&#8221; _builder_version=&#8221;4.17.4&#8243; _module_preset=&#8221;default&#8221; theme_builder_area=&#8221;post_content&#8221; hover_enabled=&#8221;0&#8243; sticky_enabled=&#8221;0&#8243; open=&#8221;off&#8221;]Das geht leider nicht. Weil das eine Beinmanschettenmodell aus 4 und das andere aus sechs Luftkammer besteht, kann man nur das Manschettenmodell PRO an Compry Recovery PRO anschlie\u00dfen und das Gleiche gilt f\u00fcr die Standardmodelle. Sie k\u00f6nnen nur die entsprechenden Beinmanschetten verwenden.[\/et_pb_accordion_item][et_pb_accordion_item title=&#8221;Welche Gr\u00f6\u00dfe ist die richtige f\u00fcr mich?&#8221; _builder_version=&#8221;4.17.4&#8243; _module_preset=&#8221;default&#8221; theme_builder_area=&#8221;post_content&#8221; hover_enabled=&#8221;0&#8243; sticky_enabled=&#8221;0&#8243; open=&#8221;off&#8221;]Um die passende Gr\u00f6\u00dfe der Beinmanschetten zu ermitteln, kannst du dich an die folgende Regel halten:\n<ul>\n \t<li>&lt; 1.65m Medium<\/li>\n \t<li>&gt; Misst du mehr als 1,65m, dann hol\u2019 dir Large<\/li>\n<\/ul>\nUnd wenn du kleiner als &lt;1,65 m bist und lange Beine hast, dann hol\u2019 dir lieber auch Large[\/et_pb_accordion_item][\/et_pb_accordion][\/et_pb_column][et_pb_column type=&#8221;1_2&#8243; _builder_version=&#8221;4.17.4&#8243; _module_preset=&#8221;default&#8221; hover_enabled=&#8221;0&#8243; global_colors_info=&#8221;{}&#8221; theme_builder_area=&#8221;post_content&#8221; background_color=&#8221;#EB5B25&#8243; custom_padding=&#8221;3em|1em|3em|1em|true|true&#8221; sticky_enabled=&#8221;0&#8243;][et_pb_text _builder_version=&#8221;4.17.4&#8243; _module_preset=&#8221;default&#8221; text_text_color=&#8221;#FFFFFF&#8221; header_2_text_color=&#8221;#FFFFFF&#8221; text_orientation=&#8221;center&#8221; hover_enabled=&#8221;0&#8243; global_colors_info=&#8221;{}&#8221; theme_builder_area=&#8221;post_content&#8221; sticky_enabled=&#8221;0&#8243;]<h2>Sie k\u00f6nnen Ihre Frage nicht finden?<\/h2>\n<p>Verwenden Sie das untenstehende Formular und wir werden uns so schnell wie m\u00f6glich bei Ihnen melden.<\/p>[\/et_pb_text][et_pb_contact_form email=&#8221;harald@herzogmedical.com&#8221; custom_message=&#8221;My name: %%Name%%||et_pb_line_break_holder||My email adresse: %%Email%%||et_pb_line_break_holder||My type of sport: %%Sport%%||et_pb_line_break_holder||The subject: %%Subject%%||et_pb_line_break_holder||||et_pb_line_break_holder||My message: %%Message%%&#8221; success_message=&#8221;Danke f\u00fcr deine Nachricht Wir werden uns so schnell wie m\u00f6glich bei Ihnen melden.&#8221; submit_button_text=&#8221;Anfrage schicken&#8221; _builder_version=&#8221;4.17.4&#8243; _module_preset=&#8221;default&#8221; _unique_id=&#8221;c690bace-9578-4e13-a73e-44e513d74f50&#8243; captcha_text_color=&#8221;#FFFFFF&#8221; captcha_font_size=&#8221;16px&#8221; captcha_letter_spacing=&#8221;1px&#8221; form_field_font_size=&#8221;16px&#8221; form_field_letter_spacing=&#8221;1px&#8221; custom_button=&#8221;on&#8221; button_text_color=&#8221;#FFFFFF&#8221; button_bg_color=&#8221;#EB5B25&#8243; button_border_width=&#8221;0px&#8221; button_font=&#8221;Poppins||||||||&#8221; module_alignment=&#8221;center&#8221; global_colors_info=&#8221;{}&#8221; theme_builder_area=&#8221;post_content&#8221;][et_pb_contact_field field_id=&#8221;Name&#8221; field_title=&#8221;Name*&#8221; _builder_version=&#8221;4.17.4&#8243; global_colors_info=&#8221;{}&#8221; button_text_size__hover_enabled=&#8221;off&#8221; button_one_text_size__hover_enabled=&#8221;off&#8221; button_two_text_size__hover_enabled=&#8221;off&#8221; button_text_color__hover_enabled=&#8221;off&#8221; button_one_text_color__hover_enabled=&#8221;off&#8221; button_two_text_color__hover_enabled=&#8221;off&#8221; button_border_width__hover_enabled=&#8221;off&#8221; button_one_border_width__hover_enabled=&#8221;off&#8221; button_two_border_width__hover_enabled=&#8221;off&#8221; button_border_color__hover_enabled=&#8221;off&#8221; button_one_border_color__hover_enabled=&#8221;off&#8221; button_two_border_color__hover_enabled=&#8221;off&#8221; button_border_radius__hover_enabled=&#8221;off&#8221; button_one_border_radius__hover_enabled=&#8221;off&#8221; button_two_border_radius__hover_enabled=&#8221;off&#8221; button_letter_spacing__hover_enabled=&#8221;off&#8221; button_one_letter_spacing__hover_enabled=&#8221;off&#8221; button_two_letter_spacing__hover_enabled=&#8221;off&#8221; button_bg_color__hover_enabled=&#8221;off&#8221; button_one_bg_color__hover_enabled=&#8221;off&#8221; button_two_bg_color__hover_enabled=&#8221;off&#8221; theme_builder_area=&#8221;post_content&#8221;][\/et_pb_contact_field][et_pb_contact_field field_id=&#8221;Email&#8221; field_title=&#8221;Email-Adresse*&#8221; field_type=&#8221;email&#8221; _builder_version=&#8221;4.17.4&#8243; global_colors_info=&#8221;{}&#8221; button_text_size__hover_enabled=&#8221;off&#8221; button_one_text_size__hover_enabled=&#8221;off&#8221; button_two_text_size__hover_enabled=&#8221;off&#8221; button_text_color__hover_enabled=&#8221;off&#8221; button_one_text_color__hover_enabled=&#8221;off&#8221; button_two_text_color__hover_enabled=&#8221;off&#8221; button_border_width__hover_enabled=&#8221;off&#8221; button_one_border_width__hover_enabled=&#8221;off&#8221; button_two_border_width__hover_enabled=&#8221;off&#8221; button_border_color__hover_enabled=&#8221;off&#8221; button_one_border_color__hover_enabled=&#8221;off&#8221; button_two_border_color__hover_enabled=&#8221;off&#8221; button_border_radius__hover_enabled=&#8221;off&#8221; button_one_border_radius__hover_enabled=&#8221;off&#8221; button_two_border_radius__hover_enabled=&#8221;off&#8221; button_letter_spacing__hover_enabled=&#8221;off&#8221; button_one_letter_spacing__hover_enabled=&#8221;off&#8221; button_two_letter_spacing__hover_enabled=&#8221;off&#8221; button_bg_color__hover_enabled=&#8221;off&#8221; button_one_bg_color__hover_enabled=&#8221;off&#8221; button_two_bg_color__hover_enabled=&#8221;off&#8221; theme_builder_area=&#8221;post_content&#8221;][\/et_pb_contact_field][et_pb_contact_field field_id=&#8221;Sport&#8221; field_title=&#8221;Welchen Sport machst?*&#8221; _builder_version=&#8221;4.17.4&#8243; global_colors_info=&#8221;{}&#8221; button_text_size__hover_enabled=&#8221;off&#8221; button_one_text_size__hover_enabled=&#8221;off&#8221; button_two_text_size__hover_enabled=&#8221;off&#8221; button_text_color__hover_enabled=&#8221;off&#8221; button_one_text_color__hover_enabled=&#8221;off&#8221; button_two_text_color__hover_enabled=&#8221;off&#8221; button_border_width__hover_enabled=&#8221;off&#8221; button_one_border_width__hover_enabled=&#8221;off&#8221; button_two_border_width__hover_enabled=&#8221;off&#8221; button_border_color__hover_enabled=&#8221;off&#8221; button_one_border_color__hover_enabled=&#8221;off&#8221; button_two_border_color__hover_enabled=&#8221;off&#8221; button_border_radius__hover_enabled=&#8221;off&#8221; button_one_border_radius__hover_enabled=&#8221;off&#8221; button_two_border_radius__hover_enabled=&#8221;off&#8221; button_letter_spacing__hover_enabled=&#8221;off&#8221; button_one_letter_spacing__hover_enabled=&#8221;off&#8221; button_two_letter_spacing__hover_enabled=&#8221;off&#8221; button_bg_color__hover_enabled=&#8221;off&#8221; button_one_bg_color__hover_enabled=&#8221;off&#8221; button_two_bg_color__hover_enabled=&#8221;off&#8221; theme_builder_area=&#8221;post_content&#8221;][\/et_pb_contact_field][et_pb_contact_field field_id=&#8221;Subject&#8221; field_title=&#8221;Was dein Anliegen*&#8221; _builder_version=&#8221;4.17.4&#8243; global_colors_info=&#8221;{}&#8221; button_text_size__hover_enabled=&#8221;off&#8221; button_one_text_size__hover_enabled=&#8221;off&#8221; button_two_text_size__hover_enabled=&#8221;off&#8221; button_text_color__hover_enabled=&#8221;off&#8221; button_one_text_color__hover_enabled=&#8221;off&#8221; button_two_text_color__hover_enabled=&#8221;off&#8221; button_border_width__hover_enabled=&#8221;off&#8221; button_one_border_width__hover_enabled=&#8221;off&#8221; button_two_border_width__hover_enabled=&#8221;off&#8221; button_border_color__hover_enabled=&#8221;off&#8221; button_one_border_color__hover_enabled=&#8221;off&#8221; button_two_border_color__hover_enabled=&#8221;off&#8221; button_border_radius__hover_enabled=&#8221;off&#8221; button_one_border_radius__hover_enabled=&#8221;off&#8221; button_two_border_radius__hover_enabled=&#8221;off&#8221; button_letter_spacing__hover_enabled=&#8221;off&#8221; button_one_letter_spacing__hover_enabled=&#8221;off&#8221; button_two_letter_spacing__hover_enabled=&#8221;off&#8221; button_bg_color__hover_enabled=&#8221;off&#8221; button_one_bg_color__hover_enabled=&#8221;off&#8221; button_two_bg_color__hover_enabled=&#8221;off&#8221; theme_builder_area=&#8221;post_content&#8221;][\/et_pb_contact_field][et_pb_contact_field field_id=&#8221;Message&#8221; field_title=&#8221;Wie k\u00f6nnen wir helfen?&#8221; field_type=&#8221;text&#8221; fullwidth_field=&#8221;on&#8221; _builder_version=&#8221;4.17.4&#8243; global_colors_info=&#8221;{}&#8221; button_text_size__hover_enabled=&#8221;off&#8221; button_one_text_size__hover_enabled=&#8221;off&#8221; button_two_text_size__hover_enabled=&#8221;off&#8221; button_text_color__hover_enabled=&#8221;off&#8221; button_one_text_color__hover_enabled=&#8221;off&#8221; button_two_text_color__hover_enabled=&#8221;off&#8221; button_border_width__hover_enabled=&#8221;off&#8221; button_one_border_width__hover_enabled=&#8221;off&#8221; button_two_border_width__hover_enabled=&#8221;off&#8221; button_border_color__hover_enabled=&#8221;off&#8221; button_one_border_color__hover_enabled=&#8221;off&#8221; button_two_border_color__hover_enabled=&#8221;off&#8221; button_border_radius__hover_enabled=&#8221;off&#8221; button_one_border_radius__hover_enabled=&#8221;off&#8221; button_two_border_radius__hover_enabled=&#8221;off&#8221; button_letter_spacing__hover_enabled=&#8221;off&#8221; button_one_letter_spacing__hover_enabled=&#8221;off&#8221; button_two_letter_spacing__hover_enabled=&#8221;off&#8221; button_bg_color__hover_enabled=&#8221;off&#8221; button_one_bg_color__hover_enabled=&#8221;off&#8221; button_two_bg_color__hover_enabled=&#8221;off&#8221; theme_builder_area=&#8221;post_content&#8221;][\/et_pb_contact_field][\/et_pb_contact_form][\/et_pb_column][\/et_pb_row][\/et_pb_section][et_pb_section fb_built=&#8221;1&#8243; fullwidth=&#8221;on&#8221; _builder_version=&#8221;4.17.4&#8243; _module_preset=&#8221;default&#8221; global_colors_info=&#8221;{}&#8221; theme_builder_area=&#8221;post_content&#8221;][et_pb_fullwidth_header title=&#8221;M\u00f6chten Sie mehr wissen? Oder haben Sie Fragen zu Compry Recovery?&#8221; header_image_url=&#8221;https:\/\/www.compryrecovery.com\/wp-content\/uploads\/2021\/01\/Illustratiebestand-CRPRO-uitlichting_website.png&#8221; _builder_version=&#8221;4.17.4&#8243; _module_preset=&#8221;default&#8221; content_link_text_color=&#8221;#FFFFFF&#8221; background_color=&#8221;#EB5B25&#8243; global_colors_info=&#8221;{}&#8221; theme_builder_area=&#8221;post_content&#8221;]Bitte kontaktieren Sie uns per <a href=\"mailto:info@herzogmedical.com\">E-Mail<\/a> oder <a href=\"tel:+31342745041\">Telefon<\/a>[\/et_pb_fullwidth_header][\/et_pb_section]","protected":false},"excerpt":{"rendered":"<p>Compry Recovery hat vier Kompressionsst\u00e4rken und das PRO Modell sechs. Die Kompressionsst\u00e4rke geht von 60 bis 220 Hg. Auf diese Weise gibt es f\u00fcr jeden eine Komprimierungsstufe.Compry Recovery PRO wird mit einem drahtlosen Akkuset geliefert. Du brauchst f\u00fcr das PRO Modell keine Steckdose und kannst deine Behandlung unterwegs durchf\u00fchren, neben dem Sportplatz oder woauchimmer du [&hellip;]<\/p>\n","protected":false},"author":4,"featured_media":2648,"parent":0,"menu_order":0,"comment_status":"closed","ping_status":"closed","template":"","meta":{"_et_pb_use_builder":"on","_et_pb_old_content":"","_et_gb_content_width":"","footnotes":""},"class_list":["post-3346","page","type-page","status-publish","has-post-thumbnail","hentry"],"yoast_head":"<!-- This site is optimized with the Yoast SEO plugin v23.3 - https:\/\/yoast.com\/wordpress\/plugins\/seo\/ -->\n<title>H\u00e4ufig gestellte Fragen - Compry Recovery<\/title>\n<meta name=\"description\" content=\"Haben Sie Fragen zur Compry Recovery? Lesen Sie unsere FAQ, um zus\u00e4tzliche Informationen zu erhalten, die Ihnen m\u00f6glicherweise fehlen. RECOVER LIKE A PRO.\" \/>\n<meta name=\"robots\" content=\"index, follow, max-snippet:-1, max-image-preview:large, max-video-preview:-1\" \/>\n<link rel=\"canonical\" href=\"https:\/\/www.compryrecovery.com\/de\/faq\/\" \/>\n<meta property=\"og:locale\" content=\"de_DE\" \/>\n<meta property=\"og:type\" content=\"article\" \/>\n<meta property=\"og:title\" content=\"H\u00e4ufig gestellte Fragen - Compry Recovery\" \/>\n<meta property=\"og:description\" content=\"Haben Sie Fragen zur Compry Recovery? Lesen Sie unsere FAQ, um zus\u00e4tzliche Informationen zu erhalten, die Ihnen m\u00f6glicherweise fehlen. RECOVER LIKE A PRO.\" \/>\n<meta property=\"og:url\" content=\"https:\/\/www.compryrecovery.com\/de\/faq\/\" \/>\n<meta property=\"og:site_name\" content=\"Compry Recovery\" \/>\n<meta property=\"article:modified_time\" content=\"2022-06-29T12:37:37+00:00\" \/>\n<meta property=\"og:image\" content=\"https:\/\/www.compryrecovery.com\/wp-content\/uploads\/2021\/01\/Illustratiebestand-CRPRO-uitlichting_website.png\" \/>\n\t<meta property=\"og:image:width\" content=\"500\" \/>\n\t<meta property=\"og:image:height\" content=\"350\" \/>\n\t<meta property=\"og:image:type\" content=\"image\/png\" \/>\n<meta name=\"twitter:card\" content=\"summary_large_image\" \/>\n<meta name=\"twitter:label1\" content=\"Gesch\u00e4tzte Lesezeit\" \/>\n\t<meta name=\"twitter:data1\" content=\"9\u00a0Minuten\" \/>\n<script type=\"application\/ld+json\" class=\"yoast-schema-graph\">{\"@context\":\"https:\/\/schema.org\",\"@graph\":[{\"@type\":\"WebPage\",\"@id\":\"https:\/\/www.compryrecovery.com\/de\/faq\/\",\"url\":\"https:\/\/www.compryrecovery.com\/de\/faq\/\",\"name\":\"H\u00e4ufig gestellte Fragen - Compry Recovery\",\"isPartOf\":{\"@id\":\"https:\/\/www.compryrecovery.com\/de\/#website\"},\"primaryImageOfPage\":{\"@id\":\"https:\/\/www.compryrecovery.com\/de\/faq\/#primaryimage\"},\"image\":{\"@id\":\"https:\/\/www.compryrecovery.com\/de\/faq\/#primaryimage\"},\"thumbnailUrl\":\"https:\/\/www.compryrecovery.com\/wp-content\/uploads\/2021\/01\/Illustratiebestand-CRPRO-uitlichting_website.png\",\"datePublished\":\"2022-06-29T11:45:05+00:00\",\"dateModified\":\"2022-06-29T12:37:37+00:00\",\"description\":\"Haben Sie Fragen zur Compry Recovery? Lesen Sie unsere FAQ, um zus\u00e4tzliche Informationen zu erhalten, die Ihnen m\u00f6glicherweise fehlen. RECOVER LIKE A PRO.\",\"breadcrumb\":{\"@id\":\"https:\/\/www.compryrecovery.com\/de\/faq\/#breadcrumb\"},\"inLanguage\":\"de\",\"potentialAction\":[{\"@type\":\"ReadAction\",\"target\":[\"https:\/\/www.compryrecovery.com\/de\/faq\/\"]}]},{\"@type\":\"ImageObject\",\"inLanguage\":\"de\",\"@id\":\"https:\/\/www.compryrecovery.com\/de\/faq\/#primaryimage\",\"url\":\"https:\/\/www.compryrecovery.com\/wp-content\/uploads\/2021\/01\/Illustratiebestand-CRPRO-uitlichting_website.png\",\"contentUrl\":\"https:\/\/www.compryrecovery.com\/wp-content\/uploads\/2021\/01\/Illustratiebestand-CRPRO-uitlichting_website.png\",\"width\":500,\"height\":350},{\"@type\":\"BreadcrumbList\",\"@id\":\"https:\/\/www.compryrecovery.com\/de\/faq\/#breadcrumb\",\"itemListElement\":[{\"@type\":\"ListItem\",\"position\":1,\"name\":\"Home\",\"item\":\"https:\/\/www.compryrecovery.com\/de\/\"},{\"@type\":\"ListItem\",\"position\":2,\"name\":\"FAQ\"}]},{\"@type\":\"WebSite\",\"@id\":\"https:\/\/www.compryrecovery.com\/de\/#website\",\"url\":\"https:\/\/www.compryrecovery.com\/de\/\",\"name\":\"Compry Recovery\",\"description\":\"Recover like a PRO\",\"publisher\":{\"@id\":\"https:\/\/www.compryrecovery.com\/de\/#organization\"},\"potentialAction\":[{\"@type\":\"SearchAction\",\"target\":{\"@type\":\"EntryPoint\",\"urlTemplate\":\"https:\/\/www.compryrecovery.com\/de\/?s={search_term_string}\"},\"query-input\":\"required name=search_term_string\"}],\"inLanguage\":\"de\"},{\"@type\":\"Organization\",\"@id\":\"https:\/\/www.compryrecovery.com\/de\/#organization\",\"name\":\"Compry Recovery\",\"url\":\"https:\/\/www.compryrecovery.com\/de\/\",\"logo\":{\"@type\":\"ImageObject\",\"inLanguage\":\"de\",\"@id\":\"https:\/\/www.compryrecovery.com\/de\/#\/schema\/logo\/image\/\",\"url\":\"https:\/\/www.compryrecovery.com\/wp-content\/uploads\/2021\/01\/cropped-Compry-Recovery-Logo_Middengrijs_v2.png\",\"contentUrl\":\"https:\/\/www.compryrecovery.com\/wp-content\/uploads\/2021\/01\/cropped-Compry-Recovery-Logo_Middengrijs_v2.png\",\"width\":246,\"height\":55,\"caption\":\"Compry Recovery\"},\"image\":{\"@id\":\"https:\/\/www.compryrecovery.com\/de\/#\/schema\/logo\/image\/\"}}]}<\/script>\n<!-- \/ Yoast SEO plugin. -->","yoast_head_json":{"title":"H\u00e4ufig gestellte Fragen - Compry Recovery","description":"Haben Sie Fragen zur Compry Recovery? Lesen Sie unsere FAQ, um zus\u00e4tzliche Informationen zu erhalten, die Ihnen m\u00f6glicherweise fehlen. RECOVER LIKE A PRO.","robots":{"index":"index","follow":"follow","max-snippet":"max-snippet:-1","max-image-preview":"max-image-preview:large","max-video-preview":"max-video-preview:-1"},"canonical":"https:\/\/www.compryrecovery.com\/de\/faq\/","og_locale":"de_DE","og_type":"article","og_title":"H\u00e4ufig gestellte Fragen - Compry Recovery","og_description":"Haben Sie Fragen zur Compry Recovery? Lesen Sie unsere FAQ, um zus\u00e4tzliche Informationen zu erhalten, die Ihnen m\u00f6glicherweise fehlen. RECOVER LIKE A PRO.","og_url":"https:\/\/www.compryrecovery.com\/de\/faq\/","og_site_name":"Compry Recovery","article_modified_time":"2022-06-29T12:37:37+00:00","og_image":[{"width":500,"height":350,"url":"https:\/\/www.compryrecovery.com\/wp-content\/uploads\/2021\/01\/Illustratiebestand-CRPRO-uitlichting_website.png","type":"image\/png"}],"twitter_card":"summary_large_image","twitter_misc":{"Gesch\u00e4tzte Lesezeit":"9\u00a0Minuten"},"schema":{"@context":"https:\/\/schema.org","@graph":[{"@type":"WebPage","@id":"https:\/\/www.compryrecovery.com\/de\/faq\/","url":"https:\/\/www.compryrecovery.com\/de\/faq\/","name":"H\u00e4ufig gestellte Fragen - Compry Recovery","isPartOf":{"@id":"https:\/\/www.compryrecovery.com\/de\/#website"},"primaryImageOfPage":{"@id":"https:\/\/www.compryrecovery.com\/de\/faq\/#primaryimage"},"image":{"@id":"https:\/\/www.compryrecovery.com\/de\/faq\/#primaryimage"},"thumbnailUrl":"https:\/\/www.compryrecovery.com\/wp-content\/uploads\/2021\/01\/Illustratiebestand-CRPRO-uitlichting_website.png","datePublished":"2022-06-29T11:45:05+00:00","dateModified":"2022-06-29T12:37:37+00:00","description":"Haben Sie Fragen zur Compry Recovery? Lesen Sie unsere FAQ, um zus\u00e4tzliche Informationen zu erhalten, die Ihnen m\u00f6glicherweise fehlen. RECOVER LIKE A PRO.","breadcrumb":{"@id":"https:\/\/www.compryrecovery.com\/de\/faq\/#breadcrumb"},"inLanguage":"de","potentialAction":[{"@type":"ReadAction","target":["https:\/\/www.compryrecovery.com\/de\/faq\/"]}]},{"@type":"ImageObject","inLanguage":"de","@id":"https:\/\/www.compryrecovery.com\/de\/faq\/#primaryimage","url":"https:\/\/www.compryrecovery.com\/wp-content\/uploads\/2021\/01\/Illustratiebestand-CRPRO-uitlichting_website.png","contentUrl":"https:\/\/www.compryrecovery.com\/wp-content\/uploads\/2021\/01\/Illustratiebestand-CRPRO-uitlichting_website.png","width":500,"height":350},{"@type":"BreadcrumbList","@id":"https:\/\/www.compryrecovery.com\/de\/faq\/#breadcrumb","itemListElement":[{"@type":"ListItem","position":1,"name":"Home","item":"https:\/\/www.compryrecovery.com\/de\/"},{"@type":"ListItem","position":2,"name":"FAQ"}]},{"@type":"WebSite","@id":"https:\/\/www.compryrecovery.com\/de\/#website","url":"https:\/\/www.compryrecovery.com\/de\/","name":"Compry Recovery","description":"Recover like a PRO","publisher":{"@id":"https:\/\/www.compryrecovery.com\/de\/#organization"},"potentialAction":[{"@type":"SearchAction","target":{"@type":"EntryPoint","urlTemplate":"https:\/\/www.compryrecovery.com\/de\/?s={search_term_string}"},"query-input":"required name=search_term_string"}],"inLanguage":"de"},{"@type":"Organization","@id":"https:\/\/www.compryrecovery.com\/de\/#organization","name":"Compry Recovery","url":"https:\/\/www.compryrecovery.com\/de\/","logo":{"@type":"ImageObject","inLanguage":"de","@id":"https:\/\/www.compryrecovery.com\/de\/#\/schema\/logo\/image\/","url":"https:\/\/www.compryrecovery.com\/wp-content\/uploads\/2021\/01\/cropped-Compry-Recovery-Logo_Middengrijs_v2.png","contentUrl":"https:\/\/www.compryrecovery.com\/wp-content\/uploads\/2021\/01\/cropped-Compry-Recovery-Logo_Middengrijs_v2.png","width":246,"height":55,"caption":"Compry Recovery"},"image":{"@id":"https:\/\/www.compryrecovery.com\/de\/#\/schema\/logo\/image\/"}}]}},"_links":{"self":[{"href":"https:\/\/www.compryrecovery.com\/de\/wp-json\/wp\/v2\/pages\/3346"}],"collection":[{"href":"https:\/\/www.compryrecovery.com\/de\/wp-json\/wp\/v2\/pages"}],"about":[{"href":"https:\/\/www.compryrecovery.com\/de\/wp-json\/wp\/v2\/types\/page"}],"author":[{"embeddable":true,"href":"https:\/\/www.compryrecovery.com\/de\/wp-json\/wp\/v2\/users\/4"}],"replies":[{"embeddable":true,"href":"https:\/\/www.compryrecovery.com\/de\/wp-json\/wp\/v2\/comments?post=3346"}],"version-history":[{"count":1,"href":"https:\/\/www.compryrecovery.com\/de\/wp-json\/wp\/v2\/pages\/3346\/revisions"}],"predecessor-version":[{"id":3347,"href":"https:\/\/www.compryrecovery.com\/de\/wp-json\/wp\/v2\/pages\/3346\/revisions\/3347"}],"wp:featuredmedia":[{"embeddable":true,"href":"https:\/\/www.compryrecovery.com\/de\/wp-json\/wp\/v2\/media\/2648"}],"wp:attachment":[{"href":"https:\/\/www.compryrecovery.com\/de\/wp-json\/wp\/v2\/media?parent=3346"}],"curies":[{"name":"wp","href":"https:\/\/api.w.org\/{rel}","templated":true}]}}