{"id":3339,"date":"2022-06-29T11:34:13","date_gmt":"2022-06-29T11:34:13","guid":{"rendered":"https:\/\/www.compryrecovery.com\/kontakt-2\/"},"modified":"2022-08-10T14:09:05","modified_gmt":"2022-08-10T14:09:05","slug":"kontakt","status":"publish","type":"page","link":"https:\/\/www.compryrecovery.com\/de\/kontakt\/","title":{"rendered":"Kontakt"},"content":{"rendered":"<p>[et_pb_section fb_built=&#8221;1&#8243; fullwidth=&#8221;on&#8221; _builder_version=&#8221;4.17.4&#8243; _module_preset=&#8221;default&#8221; global_colors_info=&#8221;{}&#8221; da_is_popup=&#8221;off&#8221; da_exit_intent=&#8221;off&#8221; da_has_close=&#8221;on&#8221; da_alt_close=&#8221;off&#8221; da_dark_close=&#8221;off&#8221; da_not_modal=&#8221;on&#8221; da_is_singular=&#8221;off&#8221; da_with_loader=&#8221;off&#8221; da_has_shadow=&#8221;on&#8221; da_disable_devices=&#8221;off|off|off&#8221;][et_pb_fullwidth_header title=&#8221;\u00dcber uns&#8221; _builder_version=&#8221;4.17.4&#8243; _module_preset=&#8221;default&#8221; title_text_align=&#8221;center&#8221; title_font_size=&#8221;40px&#8221; use_background_color_gradient=&#8221;on&#8221; background_color_gradient_stops=&#8221;#ffffff 0%|rgba(255,255,255,0) 100%&#8221; background_color_gradient_overlays_image=&#8221;on&#8221; background_image=&#8221;https:\/\/www.compryrecovery.com\/wp-content\/uploads\/2020\/12\/Compry-Recovery-Header-Media-Jorien-ter-Mors-1.jpg&#8221; background_layout=&#8221;light&#8221; global_colors_info=&#8221;{}&#8221;][\/et_pb_fullwidth_header][\/et_pb_section][et_pb_section fb_built=&#8221;1&#8243; _builder_version=&#8221;4.17.4&#8243; _module_preset=&#8221;default&#8221; global_colors_info=&#8221;{}&#8221; da_is_popup=&#8221;off&#8221; da_exit_intent=&#8221;off&#8221; da_has_close=&#8221;on&#8221; da_alt_close=&#8221;off&#8221; da_dark_close=&#8221;off&#8221; da_not_modal=&#8221;on&#8221; da_is_singular=&#8221;off&#8221; da_with_loader=&#8221;off&#8221; da_has_shadow=&#8221;on&#8221; da_disable_devices=&#8221;off|off|off&#8221;][et_pb_row column_structure=&#8221;1_3,2_3&#8243; _builder_version=&#8221;4.17.4&#8243; _module_preset=&#8221;default&#8221; global_colors_info=&#8221;{}&#8221;][et_pb_column type=&#8221;1_3&#8243; _builder_version=&#8221;4.17.4&#8243; _module_preset=&#8221;default&#8221; global_colors_info=&#8221;{}&#8221;][et_pb_text _builder_version=&#8221;4.17.4&#8243; _module_preset=&#8221;default&#8221; link_text_color=&#8221;#3C3C3B&#8221; global_colors_info=&#8221;{}&#8221;]<\/p>\n<h2>Kontakt<\/h2>\n<p><strong>Addresse<\/strong><br \/>Tolboomweg 14<br \/>3784 CX Terschuur<br \/>Die Niederlande<\/p>\n<p>T. <a href=\"tel:+31342745041\">+31(0)34 274 5041<\/a><\/p>\n<p>E. <a href=\"mailto:info@herzogmedical.com\">info@herzogmedical.com<\/a><\/p>\n<p><a href=\"https:\/\/instagram.com\/compryrecovery\">IG: @CompryRecovery<\/a><\/p>\n<p>[\/et_pb_text][\/et_pb_column][et_pb_column type=&#8221;2_3&#8243; _builder_version=&#8221;4.17.4&#8243; _module_preset=&#8221;default&#8221; global_colors_info=&#8221;{}&#8221;][et_pb_text _builder_version=&#8221;4.17.4&#8243; _module_preset=&#8221;default&#8221; global_colors_info=&#8221;{}&#8221;]<\/p>\n<p>Wir freuen uns, mit Ihnen zu chatten und L\u00f6sungen anzubieten. Kontaktieren Sie uns telefonisch unter <a href=\"+31342745041\">+31(0)34 274 5041<\/a> oder f\u00fcllen Sie das Formular aus und wir werden uns mit Ihnen in Verbindung setzen. Sie k\u00f6nnen uns auch eine E-Mail an <a href=\"mailto:info@herzogmedical.com\">info@herzogmedical.com<\/a> senden<\/p>\n<p>[\/et_pb_text][et_pb_contact_form email=&#8221;harald@herzogmedical.com&#8221; custom_message=&#8221;My name: %%Name%%||et_pb_line_break_holder||My email adresse: %%Email%%||et_pb_line_break_holder||My type of sport: %%Sport%%||et_pb_line_break_holder||The subject: %%Subject%%||et_pb_line_break_holder||||et_pb_line_break_holder||My message: %%Message%%&#8221; success_message=&#8221;Danke f\u00fcr deine Nachricht Wir werden uns so schnell wie m\u00f6glich bei Ihnen melden.&#8221; submit_button_text=&#8221;Anfrage schicken&#8221; _builder_version=&#8221;4.17.6&#8243; _module_preset=&#8221;default&#8221; _unique_id=&#8221;c690bace-9578-4e13-a73e-44e513d74f50&#8243; captcha_text_color=&#8221;#3C3C3B&#8221; captcha_font_size=&#8221;16px&#8221; captcha_letter_spacing=&#8221;1px&#8221; form_field_font_size=&#8221;16px&#8221; form_field_letter_spacing=&#8221;1px&#8221; custom_button=&#8221;on&#8221; button_text_color=&#8221;#FFFFFF&#8221; button_bg_color=&#8221;#EB5B25&#8243; button_border_width=&#8221;0px&#8221; button_font=&#8221;Poppins||||||||&#8221; module_alignment=&#8221;center&#8221; hover_enabled=&#8221;0&#8243; locked=&#8221;off&#8221; global_colors_info=&#8221;{}&#8221; use_spam_service=&#8221;on&#8221; recaptcha_list=&#8221;Compry Recovery|Compry Recovery-0&#8243; sticky_enabled=&#8221;0&#8243;][et_pb_contact_field field_id=&#8221;Name&#8221; field_title=&#8221;Name*&#8221; _builder_version=&#8221;4.17.4&#8243; global_colors_info=&#8221;{}&#8221; button_text_size__hover_enabled=&#8221;off&#8221; button_one_text_size__hover_enabled=&#8221;off&#8221; button_two_text_size__hover_enabled=&#8221;off&#8221; button_text_color__hover_enabled=&#8221;off&#8221; button_one_text_color__hover_enabled=&#8221;off&#8221; button_two_text_color__hover_enabled=&#8221;off&#8221; button_border_width__hover_enabled=&#8221;off&#8221; button_one_border_width__hover_enabled=&#8221;off&#8221; button_two_border_width__hover_enabled=&#8221;off&#8221; button_border_color__hover_enabled=&#8221;off&#8221; button_one_border_color__hover_enabled=&#8221;off&#8221; button_two_border_color__hover_enabled=&#8221;off&#8221; button_border_radius__hover_enabled=&#8221;off&#8221; button_one_border_radius__hover_enabled=&#8221;off&#8221; button_two_border_radius__hover_enabled=&#8221;off&#8221; button_letter_spacing__hover_enabled=&#8221;off&#8221; button_one_letter_spacing__hover_enabled=&#8221;off&#8221; button_two_letter_spacing__hover_enabled=&#8221;off&#8221; button_bg_color__hover_enabled=&#8221;off&#8221; button_one_bg_color__hover_enabled=&#8221;off&#8221; button_two_bg_color__hover_enabled=&#8221;off&#8221;][\/et_pb_contact_field][et_pb_contact_field field_id=&#8221;Email&#8221; field_title=&#8221;Email-Adresse*&#8221; field_type=&#8221;email&#8221; _builder_version=&#8221;4.17.4&#8243; global_colors_info=&#8221;{}&#8221; button_text_size__hover_enabled=&#8221;off&#8221; button_one_text_size__hover_enabled=&#8221;off&#8221; button_two_text_size__hover_enabled=&#8221;off&#8221; button_text_color__hover_enabled=&#8221;off&#8221; button_one_text_color__hover_enabled=&#8221;off&#8221; button_two_text_color__hover_enabled=&#8221;off&#8221; button_border_width__hover_enabled=&#8221;off&#8221; button_one_border_width__hover_enabled=&#8221;off&#8221; button_two_border_width__hover_enabled=&#8221;off&#8221; button_border_color__hover_enabled=&#8221;off&#8221; button_one_border_color__hover_enabled=&#8221;off&#8221; button_two_border_color__hover_enabled=&#8221;off&#8221; button_border_radius__hover_enabled=&#8221;off&#8221; button_one_border_radius__hover_enabled=&#8221;off&#8221; button_two_border_radius__hover_enabled=&#8221;off&#8221; button_letter_spacing__hover_enabled=&#8221;off&#8221; button_one_letter_spacing__hover_enabled=&#8221;off&#8221; button_two_letter_spacing__hover_enabled=&#8221;off&#8221; button_bg_color__hover_enabled=&#8221;off&#8221; button_one_bg_color__hover_enabled=&#8221;off&#8221; button_two_bg_color__hover_enabled=&#8221;off&#8221;][\/et_pb_contact_field][et_pb_contact_field field_id=&#8221;Sport&#8221; field_title=&#8221;Welchen Sport machst?*&#8221; _builder_version=&#8221;4.17.4&#8243; global_colors_info=&#8221;{}&#8221; button_text_size__hover_enabled=&#8221;off&#8221; button_one_text_size__hover_enabled=&#8221;off&#8221; button_two_text_size__hover_enabled=&#8221;off&#8221; button_text_color__hover_enabled=&#8221;off&#8221; button_one_text_color__hover_enabled=&#8221;off&#8221; button_two_text_color__hover_enabled=&#8221;off&#8221; button_border_width__hover_enabled=&#8221;off&#8221; button_one_border_width__hover_enabled=&#8221;off&#8221; button_two_border_width__hover_enabled=&#8221;off&#8221; button_border_color__hover_enabled=&#8221;off&#8221; button_one_border_color__hover_enabled=&#8221;off&#8221; button_two_border_color__hover_enabled=&#8221;off&#8221; button_border_radius__hover_enabled=&#8221;off&#8221; button_one_border_radius__hover_enabled=&#8221;off&#8221; button_two_border_radius__hover_enabled=&#8221;off&#8221; button_letter_spacing__hover_enabled=&#8221;off&#8221; button_one_letter_spacing__hover_enabled=&#8221;off&#8221; button_two_letter_spacing__hover_enabled=&#8221;off&#8221; button_bg_color__hover_enabled=&#8221;off&#8221; button_one_bg_color__hover_enabled=&#8221;off&#8221; button_two_bg_color__hover_enabled=&#8221;off&#8221;][\/et_pb_contact_field][et_pb_contact_field field_id=&#8221;Subject&#8221; field_title=&#8221;Was dein Anliegen*&#8221; _builder_version=&#8221;4.17.4&#8243; global_colors_info=&#8221;{}&#8221; button_text_size__hover_enabled=&#8221;off&#8221; button_one_text_size__hover_enabled=&#8221;off&#8221; button_two_text_size__hover_enabled=&#8221;off&#8221; button_text_color__hover_enabled=&#8221;off&#8221; button_one_text_color__hover_enabled=&#8221;off&#8221; button_two_text_color__hover_enabled=&#8221;off&#8221; button_border_width__hover_enabled=&#8221;off&#8221; button_one_border_width__hover_enabled=&#8221;off&#8221; button_two_border_width__hover_enabled=&#8221;off&#8221; button_border_color__hover_enabled=&#8221;off&#8221; button_one_border_color__hover_enabled=&#8221;off&#8221; button_two_border_color__hover_enabled=&#8221;off&#8221; button_border_radius__hover_enabled=&#8221;off&#8221; button_one_border_radius__hover_enabled=&#8221;off&#8221; button_two_border_radius__hover_enabled=&#8221;off&#8221; button_letter_spacing__hover_enabled=&#8221;off&#8221; button_one_letter_spacing__hover_enabled=&#8221;off&#8221; button_two_letter_spacing__hover_enabled=&#8221;off&#8221; button_bg_color__hover_enabled=&#8221;off&#8221; button_one_bg_color__hover_enabled=&#8221;off&#8221; button_two_bg_color__hover_enabled=&#8221;off&#8221;][\/et_pb_contact_field][et_pb_contact_field field_id=&#8221;Message&#8221; field_title=&#8221;Wie k\u00f6nnen wir helfen?&#8221; field_type=&#8221;text&#8221; fullwidth_field=&#8221;on&#8221; _builder_version=&#8221;4.17.4&#8243; global_colors_info=&#8221;{}&#8221; button_text_size__hover_enabled=&#8221;off&#8221; button_one_text_size__hover_enabled=&#8221;off&#8221; button_two_text_size__hover_enabled=&#8221;off&#8221; button_text_color__hover_enabled=&#8221;off&#8221; button_one_text_color__hover_enabled=&#8221;off&#8221; button_two_text_color__hover_enabled=&#8221;off&#8221; button_border_width__hover_enabled=&#8221;off&#8221; button_one_border_width__hover_enabled=&#8221;off&#8221; button_two_border_width__hover_enabled=&#8221;off&#8221; button_border_color__hover_enabled=&#8221;off&#8221; button_one_border_color__hover_enabled=&#8221;off&#8221; button_two_border_color__hover_enabled=&#8221;off&#8221; button_border_radius__hover_enabled=&#8221;off&#8221; button_one_border_radius__hover_enabled=&#8221;off&#8221; button_two_border_radius__hover_enabled=&#8221;off&#8221; button_letter_spacing__hover_enabled=&#8221;off&#8221; button_one_letter_spacing__hover_enabled=&#8221;off&#8221; button_two_letter_spacing__hover_enabled=&#8221;off&#8221; button_bg_color__hover_enabled=&#8221;off&#8221; button_one_bg_color__hover_enabled=&#8221;off&#8221; button_two_bg_color__hover_enabled=&#8221;off&#8221;][\/et_pb_contact_field][\/et_pb_contact_form][et_pb_text _builder_version=&#8221;4.17.4&#8243; _module_preset=&#8221;default&#8221; text_font_size=&#8221;10px&#8221; link_text_color=&#8221;#3C3C3B&#8221; text_orientation=&#8221;right&#8221; global_colors_info=&#8221;{}&#8221;]<\/p>\n<p>Mit dem Absenden dieser Nachricht stimme ich der <a href=\"https:\/\/www.compryrecovery.com\/de\/privacy-policy\/\">Datenschutzerkl\u00e4rung<\/a> zu.<\/p>\n<p>[\/et_pb_text][\/et_pb_column][\/et_pb_row][\/et_pb_section][et_pb_section fb_built=&#8221;1&#8243; fullwidth=&#8221;on&#8221; _builder_version=&#8221;4.17.4&#8243; _module_preset=&#8221;default&#8221; global_colors_info=&#8221;{}&#8221; da_is_popup=&#8221;off&#8221; da_exit_intent=&#8221;off&#8221; da_has_close=&#8221;on&#8221; da_alt_close=&#8221;off&#8221; da_dark_close=&#8221;off&#8221; da_not_modal=&#8221;on&#8221; da_is_singular=&#8221;off&#8221; da_with_loader=&#8221;off&#8221; da_has_shadow=&#8221;on&#8221; da_disable_devices=&#8221;off|off|off&#8221;][et_pb_fullwidth_header title=&#8221;M\u00f6chten Sie mehr wissen? Oder haben Sie Fragen zu Compry Recovery?&#8221; header_image_url=&#8221;https:\/\/www.compryrecovery.com\/wp-content\/uploads\/2021\/01\/Illustratiebestand-CRPRO-uitlichting_website.png&#8221; _builder_version=&#8221;4.17.4&#8243; _module_preset=&#8221;default&#8221; content_link_text_color=&#8221;#FFFFFF&#8221; background_color=&#8221;#EB5B25&#8243; global_colors_info=&#8221;{}&#8221;]Bitte kontaktieren Sie uns per <a href=\"mailto:info@herzogmedical.com\">E-Mail<\/a> oder <a href=\"tel:+31342745041\">Telefon<\/a>[\/et_pb_fullwidth_header][\/et_pb_section]<\/p>\n","protected":false},"excerpt":{"rendered":"<p>Kontakt AddresseTolboomweg 143784 CX TerschuurDie Niederlande T. +31(0)34 274 5041 E. info@herzogmedical.com IG: @CompryRecoveryWir freuen uns, mit Ihnen zu chatten und L\u00f6sungen anzubieten. Kontaktieren Sie uns telefonisch unter +31(0)34 274 5041 oder f\u00fcllen Sie das Formular aus und wir werden uns mit Ihnen in Verbindung setzen. Sie k\u00f6nnen uns auch eine E-Mail an info@herzogmedical.com sendenMit [&hellip;]<\/p>\n","protected":false},"author":4,"featured_media":2814,"parent":0,"menu_order":0,"comment_status":"closed","ping_status":"closed","template":"","meta":{"_et_pb_use_builder":"on","_et_pb_old_content":"","_et_gb_content_width":"","footnotes":""},"class_list":["post-3339","page","type-page","status-publish","has-post-thumbnail","hentry"],"yoast_head":"<!-- This site is optimized with the Yoast SEO plugin v23.3 - https:\/\/yoast.com\/wordpress\/plugins\/seo\/ -->\n<title>Kontakt - Compry Recovery<\/title>\n<meta name=\"description\" content=\"F\u00fcr alle Ihre Fragen und Bestellungen stehen wir Ihnen gerne zur Verf\u00fcgung. Schreiben Sie uns einfach oder rufen Sie uns an. Compry Recovery ist direkt verf\u00fcgbar. Bestellen Sie jetzt Ihre!\" \/>\n<meta name=\"robots\" content=\"index, follow, max-snippet:-1, max-image-preview:large, max-video-preview:-1\" \/>\n<link rel=\"canonical\" href=\"https:\/\/www.compryrecovery.com\/de\/kontakt\/\" \/>\n<meta property=\"og:locale\" content=\"de_DE\" \/>\n<meta property=\"og:type\" content=\"article\" \/>\n<meta property=\"og:title\" content=\"Kontakt - Compry Recovery\" \/>\n<meta property=\"og:description\" content=\"F\u00fcr alle Ihre Fragen und Bestellungen stehen wir Ihnen gerne zur Verf\u00fcgung. Schreiben Sie uns einfach oder rufen Sie uns an. Compry Recovery ist direkt verf\u00fcgbar. Bestellen Sie jetzt Ihre!\" \/>\n<meta property=\"og:url\" content=\"https:\/\/www.compryrecovery.com\/de\/kontakt\/\" \/>\n<meta property=\"og:site_name\" content=\"Compry Recovery\" \/>\n<meta property=\"article:modified_time\" content=\"2022-08-10T14:09:05+00:00\" \/>\n<meta property=\"og:image\" content=\"https:\/\/www.compryrecovery.com\/wp-content\/uploads\/2021\/10\/Compry-Recovery-Atletics-On-the-Go-Compressionboots.jpg\" \/>\n\t<meta property=\"og:image:width\" content=\"1500\" \/>\n\t<meta property=\"og:image:height\" content=\"1000\" \/>\n\t<meta property=\"og:image:type\" content=\"image\/jpeg\" \/>\n<meta name=\"twitter:card\" content=\"summary_large_image\" \/>\n<meta name=\"twitter:label1\" content=\"Gesch\u00e4tzte Lesezeit\" \/>\n\t<meta name=\"twitter:data1\" content=\"7\u00a0Minuten\" \/>\n<script type=\"application\/ld+json\" class=\"yoast-schema-graph\">{\"@context\":\"https:\/\/schema.org\",\"@graph\":[{\"@type\":\"WebPage\",\"@id\":\"https:\/\/www.compryrecovery.com\/de\/kontakt\/\",\"url\":\"https:\/\/www.compryrecovery.com\/de\/kontakt\/\",\"name\":\"Kontakt - Compry Recovery\",\"isPartOf\":{\"@id\":\"https:\/\/www.compryrecovery.com\/de\/#website\"},\"primaryImageOfPage\":{\"@id\":\"https:\/\/www.compryrecovery.com\/de\/kontakt\/#primaryimage\"},\"image\":{\"@id\":\"https:\/\/www.compryrecovery.com\/de\/kontakt\/#primaryimage\"},\"thumbnailUrl\":\"https:\/\/www.compryrecovery.com\/wp-content\/uploads\/2021\/10\/Compry-Recovery-Atletics-On-the-Go-Compressionboots.jpg\",\"datePublished\":\"2022-06-29T11:34:13+00:00\",\"dateModified\":\"2022-08-10T14:09:05+00:00\",\"description\":\"F\u00fcr alle Ihre Fragen und Bestellungen stehen wir Ihnen gerne zur Verf\u00fcgung. Schreiben Sie uns einfach oder rufen Sie uns an. Compry Recovery ist direkt verf\u00fcgbar. Bestellen Sie jetzt Ihre!\",\"breadcrumb\":{\"@id\":\"https:\/\/www.compryrecovery.com\/de\/kontakt\/#breadcrumb\"},\"inLanguage\":\"de\",\"potentialAction\":[{\"@type\":\"ReadAction\",\"target\":[\"https:\/\/www.compryrecovery.com\/de\/kontakt\/\"]}]},{\"@type\":\"ImageObject\",\"inLanguage\":\"de\",\"@id\":\"https:\/\/www.compryrecovery.com\/de\/kontakt\/#primaryimage\",\"url\":\"https:\/\/www.compryrecovery.com\/wp-content\/uploads\/2021\/10\/Compry-Recovery-Atletics-On-the-Go-Compressionboots.jpg\",\"contentUrl\":\"https:\/\/www.compryrecovery.com\/wp-content\/uploads\/2021\/10\/Compry-Recovery-Atletics-On-the-Go-Compressionboots.jpg\",\"width\":1500,\"height\":1000},{\"@type\":\"BreadcrumbList\",\"@id\":\"https:\/\/www.compryrecovery.com\/de\/kontakt\/#breadcrumb\",\"itemListElement\":[{\"@type\":\"ListItem\",\"position\":1,\"name\":\"Home\",\"item\":\"https:\/\/www.compryrecovery.com\/de\/\"},{\"@type\":\"ListItem\",\"position\":2,\"name\":\"Kontakt\"}]},{\"@type\":\"WebSite\",\"@id\":\"https:\/\/www.compryrecovery.com\/de\/#website\",\"url\":\"https:\/\/www.compryrecovery.com\/de\/\",\"name\":\"Compry Recovery\",\"description\":\"Recover like a PRO\",\"publisher\":{\"@id\":\"https:\/\/www.compryrecovery.com\/de\/#organization\"},\"potentialAction\":[{\"@type\":\"SearchAction\",\"target\":{\"@type\":\"EntryPoint\",\"urlTemplate\":\"https:\/\/www.compryrecovery.com\/de\/?s={search_term_string}\"},\"query-input\":\"required name=search_term_string\"}],\"inLanguage\":\"de\"},{\"@type\":\"Organization\",\"@id\":\"https:\/\/www.compryrecovery.com\/de\/#organization\",\"name\":\"Compry Recovery\",\"url\":\"https:\/\/www.compryrecovery.com\/de\/\",\"logo\":{\"@type\":\"ImageObject\",\"inLanguage\":\"de\",\"@id\":\"https:\/\/www.compryrecovery.com\/de\/#\/schema\/logo\/image\/\",\"url\":\"https:\/\/www.compryrecovery.com\/wp-content\/uploads\/2021\/01\/cropped-Compry-Recovery-Logo_Middengrijs_v2.png\",\"contentUrl\":\"https:\/\/www.compryrecovery.com\/wp-content\/uploads\/2021\/01\/cropped-Compry-Recovery-Logo_Middengrijs_v2.png\",\"width\":246,\"height\":55,\"caption\":\"Compry Recovery\"},\"image\":{\"@id\":\"https:\/\/www.compryrecovery.com\/de\/#\/schema\/logo\/image\/\"}}]}<\/script>\n<!-- \/ Yoast SEO plugin. -->","yoast_head_json":{"title":"Kontakt - Compry Recovery","description":"F\u00fcr alle Ihre Fragen und Bestellungen stehen wir Ihnen gerne zur Verf\u00fcgung. Schreiben Sie uns einfach oder rufen Sie uns an. Compry Recovery ist direkt verf\u00fcgbar. Bestellen Sie jetzt Ihre!","robots":{"index":"index","follow":"follow","max-snippet":"max-snippet:-1","max-image-preview":"max-image-preview:large","max-video-preview":"max-video-preview:-1"},"canonical":"https:\/\/www.compryrecovery.com\/de\/kontakt\/","og_locale":"de_DE","og_type":"article","og_title":"Kontakt - Compry Recovery","og_description":"F\u00fcr alle Ihre Fragen und Bestellungen stehen wir Ihnen gerne zur Verf\u00fcgung. Schreiben Sie uns einfach oder rufen Sie uns an. Compry Recovery ist direkt verf\u00fcgbar. Bestellen Sie jetzt Ihre!","og_url":"https:\/\/www.compryrecovery.com\/de\/kontakt\/","og_site_name":"Compry Recovery","article_modified_time":"2022-08-10T14:09:05+00:00","og_image":[{"width":1500,"height":1000,"url":"https:\/\/www.compryrecovery.com\/wp-content\/uploads\/2021\/10\/Compry-Recovery-Atletics-On-the-Go-Compressionboots.jpg","type":"image\/jpeg"}],"twitter_card":"summary_large_image","twitter_misc":{"Gesch\u00e4tzte Lesezeit":"7\u00a0Minuten"},"schema":{"@context":"https:\/\/schema.org","@graph":[{"@type":"WebPage","@id":"https:\/\/www.compryrecovery.com\/de\/kontakt\/","url":"https:\/\/www.compryrecovery.com\/de\/kontakt\/","name":"Kontakt - Compry Recovery","isPartOf":{"@id":"https:\/\/www.compryrecovery.com\/de\/#website"},"primaryImageOfPage":{"@id":"https:\/\/www.compryrecovery.com\/de\/kontakt\/#primaryimage"},"image":{"@id":"https:\/\/www.compryrecovery.com\/de\/kontakt\/#primaryimage"},"thumbnailUrl":"https:\/\/www.compryrecovery.com\/wp-content\/uploads\/2021\/10\/Compry-Recovery-Atletics-On-the-Go-Compressionboots.jpg","datePublished":"2022-06-29T11:34:13+00:00","dateModified":"2022-08-10T14:09:05+00:00","description":"F\u00fcr alle Ihre Fragen und Bestellungen stehen wir Ihnen gerne zur Verf\u00fcgung. Schreiben Sie uns einfach oder rufen Sie uns an. Compry Recovery ist direkt verf\u00fcgbar. Bestellen Sie jetzt Ihre!","breadcrumb":{"@id":"https:\/\/www.compryrecovery.com\/de\/kontakt\/#breadcrumb"},"inLanguage":"de","potentialAction":[{"@type":"ReadAction","target":["https:\/\/www.compryrecovery.com\/de\/kontakt\/"]}]},{"@type":"ImageObject","inLanguage":"de","@id":"https:\/\/www.compryrecovery.com\/de\/kontakt\/#primaryimage","url":"https:\/\/www.compryrecovery.com\/wp-content\/uploads\/2021\/10\/Compry-Recovery-Atletics-On-the-Go-Compressionboots.jpg","contentUrl":"https:\/\/www.compryrecovery.com\/wp-content\/uploads\/2021\/10\/Compry-Recovery-Atletics-On-the-Go-Compressionboots.jpg","width":1500,"height":1000},{"@type":"BreadcrumbList","@id":"https:\/\/www.compryrecovery.com\/de\/kontakt\/#breadcrumb","itemListElement":[{"@type":"ListItem","position":1,"name":"Home","item":"https:\/\/www.compryrecovery.com\/de\/"},{"@type":"ListItem","position":2,"name":"Kontakt"}]},{"@type":"WebSite","@id":"https:\/\/www.compryrecovery.com\/de\/#website","url":"https:\/\/www.compryrecovery.com\/de\/","name":"Compry Recovery","description":"Recover like a PRO","publisher":{"@id":"https:\/\/www.compryrecovery.com\/de\/#organization"},"potentialAction":[{"@type":"SearchAction","target":{"@type":"EntryPoint","urlTemplate":"https:\/\/www.compryrecovery.com\/de\/?s={search_term_string}"},"query-input":"required name=search_term_string"}],"inLanguage":"de"},{"@type":"Organization","@id":"https:\/\/www.compryrecovery.com\/de\/#organization","name":"Compry Recovery","url":"https:\/\/www.compryrecovery.com\/de\/","logo":{"@type":"ImageObject","inLanguage":"de","@id":"https:\/\/www.compryrecovery.com\/de\/#\/schema\/logo\/image\/","url":"https:\/\/www.compryrecovery.com\/wp-content\/uploads\/2021\/01\/cropped-Compry-Recovery-Logo_Middengrijs_v2.png","contentUrl":"https:\/\/www.compryrecovery.com\/wp-content\/uploads\/2021\/01\/cropped-Compry-Recovery-Logo_Middengrijs_v2.png","width":246,"height":55,"caption":"Compry Recovery"},"image":{"@id":"https:\/\/www.compryrecovery.com\/de\/#\/schema\/logo\/image\/"}}]}},"_links":{"self":[{"href":"https:\/\/www.compryrecovery.com\/de\/wp-json\/wp\/v2\/pages\/3339"}],"collection":[{"href":"https:\/\/www.compryrecovery.com\/de\/wp-json\/wp\/v2\/pages"}],"about":[{"href":"https:\/\/www.compryrecovery.com\/de\/wp-json\/wp\/v2\/types\/page"}],"author":[{"embeddable":true,"href":"https:\/\/www.compryrecovery.com\/de\/wp-json\/wp\/v2\/users\/4"}],"replies":[{"embeddable":true,"href":"https:\/\/www.compryrecovery.com\/de\/wp-json\/wp\/v2\/comments?post=3339"}],"version-history":[{"count":3,"href":"https:\/\/www.compryrecovery.com\/de\/wp-json\/wp\/v2\/pages\/3339\/revisions"}],"predecessor-version":[{"id":3469,"href":"https:\/\/www.compryrecovery.com\/de\/wp-json\/wp\/v2\/pages\/3339\/revisions\/3469"}],"wp:featuredmedia":[{"embeddable":true,"href":"https:\/\/www.compryrecovery.com\/de\/wp-json\/wp\/v2\/media\/2814"}],"wp:attachment":[{"href":"https:\/\/www.compryrecovery.com\/de\/wp-json\/wp\/v2\/media?parent=3339"}],"curies":[{"name":"wp","href":"https:\/\/api.w.org\/{rel}","templated":true}]}}